{"id":18,"date":"2023-04-24T07:44:09","date_gmt":"2023-04-24T07:44:09","guid":{"rendered":"https:\/\/new.tinlohi.es\/?page_id=18"},"modified":"2023-06-01T16:05:21","modified_gmt":"2023-06-01T16:05:21","slug":"empresa","status":"publish","type":"page","link":"https:\/\/tinlohi.es\/en\/empresa\/","title":{"rendered":"Company"},"content":{"rendered":"\t\t<div data-elementor-type=\"wp-page\" data-elementor-id=\"18\" class=\"elementor elementor-18\" data-elementor-post-type=\"page\">\n\t\t\t\t\t\t<section class=\"elementor-section elementor-top-section elementor-element elementor-element-e9cbdb6 elementor-section-height-full elementor-section-boxed elementor-section-height-default elementor-section-items-middle\" data-id=\"e9cbdb6\" data-element_type=\"section\" data-e-type=\"section\" data-settings=\"{&quot;background_background&quot;:&quot;slideshow&quot;,&quot;background_slideshow_gallery&quot;:[{&quot;id&quot;:784,&quot;url&quot;:&quot;https:\\\/\\\/tinlohi.es\\\/wp-content\\\/uploads\\\/2023\\\/05\\\/Tinlohi-5.jpg&quot;},{&quot;id&quot;:774,&quot;url&quot;:&quot;https:\\\/\\\/tinlohi.es\\\/wp-content\\\/uploads\\\/2023\\\/05\\\/Tinlohi-3.jpg&quot;}],&quot;background_slideshow_ken_burns&quot;:&quot;yes&quot;,&quot;background_slideshow_loop&quot;:&quot;yes&quot;,&quot;background_slideshow_slide_duration&quot;:5000,&quot;background_slideshow_slide_transition&quot;:&quot;fade&quot;,&quot;background_slideshow_transition_duration&quot;:500,&quot;background_slideshow_ken_burns_zoom_direction&quot;:&quot;in&quot;}\">\n\t\t\t\t\t\t<div class=\"elementor-container elementor-column-gap-default\">\n\t\t\t\t\t<div class=\"elementor-column elementor-col-100 elementor-top-column elementor-element elementor-element-42f8756\" data-id=\"42f8756\" data-element_type=\"column\" data-e-type=\"column\">\n\t\t\t<div class=\"elementor-widget-wrap elementor-element-populated\">\n\t\t\t\t\t\t<div class=\"elementor-element elementor-element-cd8bdb5 elementor-widget elementor-widget-spacer\" data-id=\"cd8bdb5\" data-element_type=\"widget\" data-e-type=\"widget\" data-widget_type=\"spacer.default\">\n\t\t\t\t<div class=\"elementor-widget-container\">\n\t\t\t\t\t\t\t<div class=\"elementor-spacer\">\n\t\t\t<div class=\"elementor-spacer-inner\"><\/div>\n\t\t<\/div>\n\t\t\t\t\t\t<\/div>\n\t\t\t\t<\/div>\n\t\t\t\t\t<\/div>\n\t\t<\/div>\n\t\t\t\t\t<\/div>\n\t\t<\/section>\n\t\t\t\t<section class=\"elementor-section elementor-top-section elementor-element elementor-element-4ca1dbf elementor-section-boxed elementor-section-height-default elementor-section-height-default\" data-id=\"4ca1dbf\" data-element_type=\"section\" data-e-type=\"section\" data-settings=\"{&quot;background_background&quot;:&quot;classic&quot;}\">\n\t\t\t\t\t\t<div class=\"elementor-container elementor-column-gap-default\">\n\t\t\t\t\t<div class=\"elementor-column elementor-col-100 elementor-top-column elementor-element elementor-element-4827637\" data-id=\"4827637\" data-element_type=\"column\" data-e-type=\"column\">\n\t\t\t<div class=\"elementor-widget-wrap elementor-element-populated\">\n\t\t\t\t\t\t<div class=\"elementor-element elementor-element-fda6fd5 elementor-widget elementor-widget-heading\" data-id=\"fda6fd5\" data-element_type=\"widget\" data-e-type=\"widget\" data-widget_type=\"heading.default\">\n\t\t\t\t<div class=\"elementor-widget-container\">\n\t\t\t\t\t<h1 class=\"elementor-heading-title elementor-size-default\">Tinlohi<\/h1>\t\t\t\t<\/div>\n\t\t\t\t<\/div>\n\t\t\t\t<div class=\"elementor-element elementor-element-f98ea07 elementor-widget elementor-widget-heading\" data-id=\"f98ea07\" data-element_type=\"widget\" data-e-type=\"widget\" data-widget_type=\"heading.default\">\n\t\t\t\t<div class=\"elementor-widget-container\">\n\t\t\t\t\t<h2 class=\"elementor-heading-title elementor-size-default\">conoce la empresa<\/h2>\t\t\t\t<\/div>\n\t\t\t\t<\/div>\n\t\t\t\t<div class=\"elementor-element elementor-element-a615482 elementor-widget elementor-widget-text-editor\" data-id=\"a615482\" data-element_type=\"widget\" data-e-type=\"widget\" data-widget_type=\"text-editor.default\">\n\t\t\t\t<div class=\"elementor-widget-container\">\n\t\t\t\t\t\t\t\t\t<p>Compa\u00f1\u00eda con sede en Valladolid, de autogr\u00faas, plataformas elevadoras sobre cami\u00f3n, asistencia en carretera y accidentes y transportes especiales de gran volumen.<\/p>\t\t\t\t\t\t\t\t<\/div>\n\t\t\t\t<\/div>\n\t\t\t\t\t<\/div>\n\t\t<\/div>\n\t\t\t\t\t<\/div>\n\t\t<\/section>\n\t\t\t\t<section class=\"elementor-section elementor-top-section elementor-element elementor-element-d738445 elementor-section-content-middle elementor-section-boxed elementor-section-height-default elementor-section-height-default\" data-id=\"d738445\" data-element_type=\"section\" data-e-type=\"section\" data-settings=\"{&quot;background_background&quot;:&quot;classic&quot;}\">\n\t\t\t\t\t\t<div class=\"elementor-container elementor-column-gap-wider\">\n\t\t\t\t\t<div class=\"elementor-column elementor-col-50 elementor-top-column elementor-element elementor-element-e10b0d5\" data-id=\"e10b0d5\" data-element_type=\"column\" data-e-type=\"column\">\n\t\t\t<div class=\"elementor-widget-wrap elementor-element-populated\">\n\t\t\t\t\t\t<div class=\"elementor-element elementor-element-d536c87 elementor-widget elementor-widget-heading\" data-id=\"d536c87\" data-element_type=\"widget\" data-e-type=\"widget\" data-widget_type=\"heading.default\">\n\t\t\t\t<div class=\"elementor-widget-container\">\n\t\t\t\t\t<h3 class=\"elementor-heading-title elementor-size-default\">Nuestra Historia<\/h3>\t\t\t\t<\/div>\n\t\t\t\t<\/div>\n\t\t\t\t<div class=\"elementor-element elementor-element-9237bb3 elementor-widget elementor-widget-text-editor\" data-id=\"9237bb3\" data-element_type=\"widget\" data-e-type=\"widget\" data-widget_type=\"text-editor.default\">\n\t\t\t\t<div class=\"elementor-widget-container\">\n\t\t\t\t\t\t\t\t\t<p>En el a\u00f1o 1995, como consecuencia de una estructura familiar, es fundado Tinlohi S.L fruto de muchos a\u00f1os de dedicaci\u00f3n al transporte de mercanc\u00edas por carretera, empezando a dar servicio con cinco camiones.<\/p><p>En una 2\u00aa etapa, que comienza en 1998, se inicia con una m\u00e1quina en la actividad de gr\u00faas m\u00f3viles autopropulsadas, vi\u00e9ndose incrementado de forma muy considerable tanto el n\u00ba de camiones y semirremolques como el de gr\u00faas m\u00f3viles autopropulsadas.<\/p>\t\t\t\t\t\t\t\t<\/div>\n\t\t\t\t<\/div>\n\t\t\t\t\t<\/div>\n\t\t<\/div>\n\t\t\t\t<div class=\"elementor-column elementor-col-50 elementor-top-column elementor-element elementor-element-990999c\" data-id=\"990999c\" data-element_type=\"column\" data-e-type=\"column\">\n\t\t\t<div class=\"elementor-widget-wrap elementor-element-populated\">\n\t\t\t\t\t\t<div class=\"elementor-element elementor-element-ebdc3e6 elementor-widget elementor-widget-image\" data-id=\"ebdc3e6\" data-element_type=\"widget\" data-e-type=\"widget\" data-widget_type=\"image.default\">\n\t\t\t\t<div class=\"elementor-widget-container\">\n\t\t\t\t\t\t\t\t\t\t\t\t\t\t\t<img fetchpriority=\"high\" decoding=\"async\" width=\"800\" height=\"450\" src=\"https:\/\/tinlohi.es\/wp-content\/uploads\/2023\/05\/Tinlohi-2-1024x576.jpg\" class=\"attachment-large size-large wp-image-773\" alt=\"\" srcset=\"https:\/\/tinlohi.es\/wp-content\/uploads\/2023\/05\/Tinlohi-2-1024x576.jpg 1024w, https:\/\/tinlohi.es\/wp-content\/uploads\/2023\/05\/Tinlohi-2-300x169.jpg 300w, https:\/\/tinlohi.es\/wp-content\/uploads\/2023\/05\/Tinlohi-2-768x432.jpg 768w, https:\/\/tinlohi.es\/wp-content\/uploads\/2023\/05\/Tinlohi-2-1536x864.jpg 1536w, https:\/\/tinlohi.es\/wp-content\/uploads\/2023\/05\/Tinlohi-2-18x10.jpg 18w, https:\/\/tinlohi.es\/wp-content\/uploads\/2023\/05\/Tinlohi-2.jpg 1600w\" sizes=\"(max-width: 800px) 100vw, 800px\" \/>\t\t\t\t\t\t\t\t\t\t\t\t\t\t\t<\/div>\n\t\t\t\t<\/div>\n\t\t\t\t\t<\/div>\n\t\t<\/div>\n\t\t\t\t\t<\/div>\n\t\t<\/section>\n\t\t\t\t<section class=\"elementor-section elementor-top-section elementor-element elementor-element-8bb47a0 elementor-section-content-middle elementor-reverse-mobile elementor-section-boxed elementor-section-height-default elementor-section-height-default\" data-id=\"8bb47a0\" data-element_type=\"section\" data-e-type=\"section\" data-settings=\"{&quot;background_background&quot;:&quot;classic&quot;}\">\n\t\t\t\t\t\t<div class=\"elementor-container elementor-column-gap-wider\">\n\t\t\t\t\t<div class=\"elementor-column elementor-col-50 elementor-top-column elementor-element elementor-element-ca296ec\" data-id=\"ca296ec\" data-element_type=\"column\" data-e-type=\"column\">\n\t\t\t<div class=\"elementor-widget-wrap elementor-element-populated\">\n\t\t\t\t\t\t<div class=\"elementor-element elementor-element-9764560 elementor-widget elementor-widget-image\" data-id=\"9764560\" data-element_type=\"widget\" data-e-type=\"widget\" data-widget_type=\"image.default\">\n\t\t\t\t<div class=\"elementor-widget-container\">\n\t\t\t\t\t\t\t\t\t\t\t\t\t\t\t<img decoding=\"async\" width=\"800\" height=\"558\" src=\"https:\/\/tinlohi.es\/wp-content\/uploads\/2023\/05\/Tinlohi-e1684831706473-1024x714.jpg\" class=\"attachment-large size-large wp-image-775\" alt=\"\" srcset=\"https:\/\/tinlohi.es\/wp-content\/uploads\/2023\/05\/Tinlohi-e1684831706473-1024x714.jpg 1024w, https:\/\/tinlohi.es\/wp-content\/uploads\/2023\/05\/Tinlohi-e1684831706473-300x209.jpg 300w, https:\/\/tinlohi.es\/wp-content\/uploads\/2023\/05\/Tinlohi-e1684831706473-768x535.jpg 768w, https:\/\/tinlohi.es\/wp-content\/uploads\/2023\/05\/Tinlohi-e1684831706473-1536x1071.jpg 1536w, https:\/\/tinlohi.es\/wp-content\/uploads\/2023\/05\/Tinlohi-e1684831706473-2048x1428.jpg 2048w, https:\/\/tinlohi.es\/wp-content\/uploads\/2023\/05\/Tinlohi-e1684831706473-18x12.jpg 18w\" sizes=\"(max-width: 800px) 100vw, 800px\" \/>\t\t\t\t\t\t\t\t\t\t\t\t\t\t\t<\/div>\n\t\t\t\t<\/div>\n\t\t\t\t<div class=\"elementor-element elementor-element-2bb8bce elementor-align-center elementor-mobile-align-center elementor-widget elementor-widget-button\" data-id=\"2bb8bce\" data-element_type=\"widget\" data-e-type=\"widget\" data-widget_type=\"button.default\">\n\t\t\t\t<div class=\"elementor-widget-container\">\n\t\t\t\t\t\t\t\t\t<div class=\"elementor-button-wrapper\">\n\t\t\t\t\t<a class=\"elementor-button elementor-button-link elementor-size-sm\" href=\"https:\/\/tinlohi.es\/wp-content\/uploads\/2023\/05\/POLITICA-CALIDAD-.pdf\">\n\t\t\t\t\t\t<span class=\"elementor-button-content-wrapper\">\n\t\t\t\t\t\t\t\t\t<span class=\"elementor-button-text\">POL\u00cdTICA DE CALIDAD<\/span>\n\t\t\t\t\t<\/span>\n\t\t\t\t\t<\/a>\n\t\t\t\t<\/div>\n\t\t\t\t\t\t\t\t<\/div>\n\t\t\t\t<\/div>\n\t\t\t\t\t<\/div>\n\t\t<\/div>\n\t\t\t\t<div class=\"elementor-column elementor-col-50 elementor-top-column elementor-element elementor-element-0c227c4\" data-id=\"0c227c4\" data-element_type=\"column\" data-e-type=\"column\">\n\t\t\t<div class=\"elementor-widget-wrap elementor-element-populated\">\n\t\t\t\t\t\t<div class=\"elementor-element elementor-element-8446e1f elementor-widget elementor-widget-heading\" data-id=\"8446e1f\" data-element_type=\"widget\" data-e-type=\"widget\" data-widget_type=\"heading.default\">\n\t\t\t\t<div class=\"elementor-widget-container\">\n\t\t\t\t\t<h3 class=\"elementor-heading-title elementor-size-default\">Infraestructura<\/h3>\t\t\t\t<\/div>\n\t\t\t\t<\/div>\n\t\t\t\t<div class=\"elementor-element elementor-element-5928c5c elementor-widget elementor-widget-text-editor\" data-id=\"5928c5c\" data-element_type=\"widget\" data-e-type=\"widget\" data-widget_type=\"text-editor.default\">\n\t\t\t\t<div class=\"elementor-widget-container\">\n\t\t\t\t\t\t\t\t\t<p>La empresa se ha dotado de la infraestructura necesaria para dar servicio de rescate y remolcaje, tanto de veh\u00edculos de gran tonelaje como de turismos, para lo cual disponemos de remolcadores y gr\u00faas coche, formando parte de la red de proveedores de las principales compa\u00f1\u00edas de seguros.<\/p><p>En la actualidad, dispone de una moderna flota de plataformas elevadoras sobre cami\u00f3n con amplia experiencia lo que nos ha permitido alcanzar una importante presencia a nivel nacional en el sector de los parques e\u00f3licos, refiner\u00edas y astilleros.<\/p>\t\t\t\t\t\t\t\t<\/div>\n\t\t\t\t<\/div>\n\t\t\t\t\t<\/div>\n\t\t<\/div>\n\t\t\t\t\t<\/div>\n\t\t<\/section>\n\t\t\t\t<\/div>\n\t\t","protected":false},"excerpt":{"rendered":"<p>Tinlohi conoce la empresa Compa\u00f1\u00eda con sede en Valladolid, de autogr\u00faas, plataformas elevadoras sobre cami\u00f3n, asistencia en carretera y accidentes y transportes especiales de gran volumen. Nuestra Historia En el a\u00f1o 1995, como consecuencia de una estructura familiar, es fundado Tinlohi S.L fruto de muchos a\u00f1os de dedicaci\u00f3n al transporte de mercanc\u00edas por carretera, empezando [&hellip;]<\/p>\n","protected":false},"author":1,"featured_media":784,"parent":0,"menu_order":0,"comment_status":"closed","ping_status":"closed","template":"","meta":{"footnotes":""},"class_list":["post-18","page","type-page","status-publish","has-post-thumbnail","hentry"],"yoast_head":"<!-- This site is optimized with the Yoast SEO plugin v27.4 - https:\/\/yoast.com\/product\/yoast-seo-wordpress\/ -->\n<title>Empresa - Tinlohi<\/title>\n<meta name=\"description\" content=\"Compa\u00f1\u00eda con sede en Valladolid, de autogr\u00faas, plataformas elevadoras sobre cami\u00f3n, asistencia en carretera y accidentes y transportes especiales de gran volumen.\" \/>\n<meta name=\"robots\" content=\"index, follow, max-snippet:-1, max-image-preview:large, max-video-preview:-1\" \/>\n<link rel=\"canonical\" href=\"https:\/\/tinlohi.es\/en\/empresa\/\" \/>\n<meta property=\"og:locale\" content=\"en_US\" \/>\n<meta property=\"og:type\" content=\"article\" \/>\n<meta property=\"og:title\" content=\"Empresa - Tinlohi\" \/>\n<meta property=\"og:description\" content=\"Compa\u00f1\u00eda con sede en Valladolid, de autogr\u00faas, plataformas elevadoras sobre cami\u00f3n, asistencia en carretera y accidentes y transportes especiales de gran volumen.\" \/>\n<meta property=\"og:url\" content=\"https:\/\/tinlohi.es\/en\/empresa\/\" \/>\n<meta property=\"og:site_name\" content=\"Tinlohi\" \/>\n<meta property=\"article:modified_time\" content=\"2023-06-01T16:05:21+00:00\" \/>\n<meta property=\"og:image\" content=\"https:\/\/tinlohi.es\/wp-content\/uploads\/2023\/05\/Tinlohi-5.jpg\" \/>\n\t<meta property=\"og:image:width\" content=\"2000\" \/>\n\t<meta property=\"og:image:height\" content=\"1061\" \/>\n\t<meta property=\"og:image:type\" content=\"image\/jpeg\" \/>\n<meta name=\"twitter:card\" content=\"summary_large_image\" \/>\n<meta name=\"twitter:label1\" content=\"Est. reading time\" \/>\n\t<meta name=\"twitter:data1\" content=\"2 minutes\" \/>\n<script type=\"application\/ld+json\" class=\"yoast-schema-graph\">{\"@context\":\"https:\\\/\\\/schema.org\",\"@graph\":[{\"@type\":\"WebPage\",\"@id\":\"https:\\\/\\\/tinlohi.es\\\/empresa\\\/\",\"url\":\"https:\\\/\\\/tinlohi.es\\\/empresa\\\/\",\"name\":\"Empresa - Tinlohi\",\"isPartOf\":{\"@id\":\"https:\\\/\\\/tinlohi.es\\\/#website\"},\"primaryImageOfPage\":{\"@id\":\"https:\\\/\\\/tinlohi.es\\\/empresa\\\/#primaryimage\"},\"image\":{\"@id\":\"https:\\\/\\\/tinlohi.es\\\/empresa\\\/#primaryimage\"},\"thumbnailUrl\":\"https:\\\/\\\/tinlohi.es\\\/wp-content\\\/uploads\\\/2023\\\/05\\\/Tinlohi-5.jpg\",\"datePublished\":\"2023-04-24T07:44:09+00:00\",\"dateModified\":\"2023-06-01T16:05:21+00:00\",\"description\":\"Compa\u00f1\u00eda con sede en Valladolid, de autogr\u00faas, plataformas elevadoras sobre cami\u00f3n, asistencia en carretera y accidentes y transportes especiales de gran volumen.\",\"breadcrumb\":{\"@id\":\"https:\\\/\\\/tinlohi.es\\\/empresa\\\/#breadcrumb\"},\"inLanguage\":\"en-US\",\"potentialAction\":[{\"@type\":\"ReadAction\",\"target\":[\"https:\\\/\\\/tinlohi.es\\\/empresa\\\/\"]}]},{\"@type\":\"ImageObject\",\"inLanguage\":\"en-US\",\"@id\":\"https:\\\/\\\/tinlohi.es\\\/empresa\\\/#primaryimage\",\"url\":\"https:\\\/\\\/tinlohi.es\\\/wp-content\\\/uploads\\\/2023\\\/05\\\/Tinlohi-5.jpg\",\"contentUrl\":\"https:\\\/\\\/tinlohi.es\\\/wp-content\\\/uploads\\\/2023\\\/05\\\/Tinlohi-5.jpg\",\"width\":2000,\"height\":1061},{\"@type\":\"BreadcrumbList\",\"@id\":\"https:\\\/\\\/tinlohi.es\\\/empresa\\\/#breadcrumb\",\"itemListElement\":[{\"@type\":\"ListItem\",\"position\":1,\"name\":\"Portada\",\"item\":\"https:\\\/\\\/tinlohi.es\\\/\"},{\"@type\":\"ListItem\",\"position\":2,\"name\":\"Empresa\"}]},{\"@type\":\"WebSite\",\"@id\":\"https:\\\/\\\/tinlohi.es\\\/#website\",\"url\":\"https:\\\/\\\/tinlohi.es\\\/\",\"name\":\"Tinlohi\",\"description\":\"\",\"publisher\":{\"@id\":\"https:\\\/\\\/tinlohi.es\\\/#organization\"},\"potentialAction\":[{\"@type\":\"SearchAction\",\"target\":{\"@type\":\"EntryPoint\",\"urlTemplate\":\"https:\\\/\\\/tinlohi.es\\\/?s={search_term_string}\"},\"query-input\":{\"@type\":\"PropertyValueSpecification\",\"valueRequired\":true,\"valueName\":\"search_term_string\"}}],\"inLanguage\":\"en-US\"},{\"@type\":\"Organization\",\"@id\":\"https:\\\/\\\/tinlohi.es\\\/#organization\",\"name\":\"Gr\u00faas Tinlohi SL\",\"url\":\"https:\\\/\\\/tinlohi.es\\\/\",\"logo\":{\"@type\":\"ImageObject\",\"inLanguage\":\"en-US\",\"@id\":\"https:\\\/\\\/tinlohi.es\\\/#\\\/schema\\\/logo\\\/image\\\/\",\"url\":\"https:\\\/\\\/tinlohi.es\\\/wp-content\\\/uploads\\\/2023\\\/04\\\/LOGO-TINLOHI_2022.png\",\"contentUrl\":\"https:\\\/\\\/tinlohi.es\\\/wp-content\\\/uploads\\\/2023\\\/04\\\/LOGO-TINLOHI_2022.png\",\"width\":568,\"height\":315,\"caption\":\"Gr\u00faas Tinlohi SL\"},\"image\":{\"@id\":\"https:\\\/\\\/tinlohi.es\\\/#\\\/schema\\\/logo\\\/image\\\/\"}}]}<\/script>\n<!-- \/ Yoast SEO plugin. -->","yoast_head_json":{"title":"Empresa - Tinlohi","description":"A company based in Valladolid, Spain, that provides crane services, truck-mounted lifting platforms, road and accident assistance and special large-volume transportation.","robots":{"index":"index","follow":"follow","max-snippet":"max-snippet:-1","max-image-preview":"max-image-preview:large","max-video-preview":"max-video-preview:-1"},"canonical":"https:\/\/tinlohi.es\/en\/empresa\/","og_locale":"en_US","og_type":"article","og_title":"Empresa - Tinlohi","og_description":"Compa\u00f1\u00eda con sede en Valladolid, de autogr\u00faas, plataformas elevadoras sobre cami\u00f3n, asistencia en carretera y accidentes y transportes especiales de gran volumen.","og_url":"https:\/\/tinlohi.es\/en\/empresa\/","og_site_name":"Tinlohi","article_modified_time":"2023-06-01T16:05:21+00:00","og_image":[{"width":2000,"height":1061,"url":"https:\/\/tinlohi.es\/wp-content\/uploads\/2023\/05\/Tinlohi-5.jpg","type":"image\/jpeg"}],"twitter_card":"summary_large_image","twitter_misc":{"Est. reading time":"2 minutes"},"schema":{"@context":"https:\/\/schema.org","@graph":[{"@type":"WebPage","@id":"https:\/\/tinlohi.es\/empresa\/","url":"https:\/\/tinlohi.es\/empresa\/","name":"Empresa - Tinlohi","isPartOf":{"@id":"https:\/\/tinlohi.es\/#website"},"primaryImageOfPage":{"@id":"https:\/\/tinlohi.es\/empresa\/#primaryimage"},"image":{"@id":"https:\/\/tinlohi.es\/empresa\/#primaryimage"},"thumbnailUrl":"https:\/\/tinlohi.es\/wp-content\/uploads\/2023\/05\/Tinlohi-5.jpg","datePublished":"2023-04-24T07:44:09+00:00","dateModified":"2023-06-01T16:05:21+00:00","description":"A company based in Valladolid, Spain, that provides crane services, truck-mounted lifting platforms, road and accident assistance and special large-volume transportation.","breadcrumb":{"@id":"https:\/\/tinlohi.es\/empresa\/#breadcrumb"},"inLanguage":"en-US","potentialAction":[{"@type":"ReadAction","target":["https:\/\/tinlohi.es\/empresa\/"]}]},{"@type":"ImageObject","inLanguage":"en-US","@id":"https:\/\/tinlohi.es\/empresa\/#primaryimage","url":"https:\/\/tinlohi.es\/wp-content\/uploads\/2023\/05\/Tinlohi-5.jpg","contentUrl":"https:\/\/tinlohi.es\/wp-content\/uploads\/2023\/05\/Tinlohi-5.jpg","width":2000,"height":1061},{"@type":"BreadcrumbList","@id":"https:\/\/tinlohi.es\/empresa\/#breadcrumb","itemListElement":[{"@type":"ListItem","position":1,"name":"Portada","item":"https:\/\/tinlohi.es\/"},{"@type":"ListItem","position":2,"name":"Empresa"}]},{"@type":"WebSite","@id":"https:\/\/tinlohi.es\/#website","url":"https:\/\/tinlohi.es\/","name":"Tinlohi","description":"","publisher":{"@id":"https:\/\/tinlohi.es\/#organization"},"potentialAction":[{"@type":"SearchAction","target":{"@type":"EntryPoint","urlTemplate":"https:\/\/tinlohi.es\/?s={search_term_string}"},"query-input":{"@type":"PropertyValueSpecification","valueRequired":true,"valueName":"search_term_string"}}],"inLanguage":"en-US"},{"@type":"Organization","@id":"https:\/\/tinlohi.es\/#organization","name":"Gr\u00faas Tinlohi SL","url":"https:\/\/tinlohi.es\/","logo":{"@type":"ImageObject","inLanguage":"en-US","@id":"https:\/\/tinlohi.es\/#\/schema\/logo\/image\/","url":"https:\/\/tinlohi.es\/wp-content\/uploads\/2023\/04\/LOGO-TINLOHI_2022.png","contentUrl":"https:\/\/tinlohi.es\/wp-content\/uploads\/2023\/04\/LOGO-TINLOHI_2022.png","width":568,"height":315,"caption":"Gr\u00faas Tinlohi SL"},"image":{"@id":"https:\/\/tinlohi.es\/#\/schema\/logo\/image\/"}}]}},"_links":{"self":[{"href":"https:\/\/tinlohi.es\/en\/wp-json\/wp\/v2\/pages\/18","targetHints":{"allow":["GET"]}}],"collection":[{"href":"https:\/\/tinlohi.es\/en\/wp-json\/wp\/v2\/pages"}],"about":[{"href":"https:\/\/tinlohi.es\/en\/wp-json\/wp\/v2\/types\/page"}],"author":[{"embeddable":true,"href":"https:\/\/tinlohi.es\/en\/wp-json\/wp\/v2\/users\/1"}],"replies":[{"embeddable":true,"href":"https:\/\/tinlohi.es\/en\/wp-json\/wp\/v2\/comments?post=18"}],"version-history":[{"count":35,"href":"https:\/\/tinlohi.es\/en\/wp-json\/wp\/v2\/pages\/18\/revisions"}],"predecessor-version":[{"id":955,"href":"https:\/\/tinlohi.es\/en\/wp-json\/wp\/v2\/pages\/18\/revisions\/955"}],"wp:featuredmedia":[{"embeddable":true,"href":"https:\/\/tinlohi.es\/en\/wp-json\/wp\/v2\/media\/784"}],"wp:attachment":[{"href":"https:\/\/tinlohi.es\/en\/wp-json\/wp\/v2\/media?parent=18"}],"curies":[{"name":"wp","href":"https:\/\/api.w.org\/{rel}","templated":true}]}}