{"id":3,"date":"2023-04-24T06:53:44","date_gmt":"2023-04-24T06:53:44","guid":{"rendered":"https:\/\/new.tinlohi.es\/?page_id=3"},"modified":"2023-06-01T15:59:26","modified_gmt":"2023-06-01T15:59:26","slug":"politica-de-privacidad","status":"publish","type":"page","link":"https:\/\/tinlohi.es\/en\/politica-de-privacidad\/","title":{"rendered":"Privacy Policy"},"content":{"rendered":"<div data-elementor-type=\"wp-page\" data-elementor-id=\"3\" class=\"elementor elementor-3\" data-elementor-post-type=\"page\">\n\t\t\t\t\t\t<section class=\"elementor-section elementor-top-section elementor-element elementor-element-3495076e elementor-section-boxed elementor-section-height-default elementor-section-height-default\" data-id=\"3495076e\" data-element_type=\"section\" data-e-type=\"section\">\n\t\t\t\t\t\t<div class=\"elementor-container elementor-column-gap-default\">\n\t\t\t\t\t<div class=\"elementor-column elementor-col-100 elementor-top-column elementor-element elementor-element-13f1e0e\" data-id=\"13f1e0e\" data-element_type=\"column\" data-e-type=\"column\">\n\t\t\t<div class=\"elementor-widget-wrap elementor-element-populated\">\n\t\t\t\t\t\t<div class=\"elementor-element elementor-element-2051b496 elementor-widget elementor-widget-text-editor\" data-id=\"2051b496\" data-element_type=\"widget\" data-e-type=\"widget\" data-widget_type=\"text-editor.default\">\n\t\t\t\t<div class=\"elementor-widget-container\">\n\t\t\t\t\t\t\t\t\t<h1>Privacy Policy<\/h1>\n<p><br \/>Last updated on May 12, 2023<br \/>Effective date May 12, 2023<br \/><br \/>This Privacy Policy describes the policies of Tinlohi SL, Autov\u00eda A-11, KM 354, La Cist\u00e9rniga (Valladolid) 47193, Spain, email: tinlohi@tinlohi.es, phone: 983 40 16 67 on the collection, use and disclosure of your information that we collect when you use our website ( https:\/\/tinlohi.es\/ ). (the \"Service\").<\/p>\n<p>By accessing or using the Service, you consent to the collection, use and disclosure of your information in accordance with this Privacy Policy. If you do not consent, do not access or use the Service.<\/p>\n<p>We may modify this Privacy Policy at any time without prior notice and will post the revised Privacy Policy on the Service. The revised Policy will be effective 180 days after the revised Policy is posted on the Service and your continued access to or use of the Service after that time will constitute your acceptance of the revised Privacy Policy. Therefore, we encourage you to periodically review this page.<\/p>\n<h2>Information we collect<\/h2>\n<p>We will collect and process the following personal information about you:<br \/><br \/>Name \/ Email Mobile<\/p>\n<h2>How we use your information<\/h2>\n<p>We will use the information we collect about you for the following purposes:<br \/><br \/>Marketing \/ Promotional<br \/>If we want to use your information for any other purpose, we will ask for your consent and will use your information only upon receiving your consent and then only for the purposes for which you give consent, unless we are required by law to do otherwise.<\/p>\n<h2>Retention of your information<\/h2>\n<p>We will retain your personal information with us for 90 days to 2 years after you cancel your account or for as long as we need it to fulfill the purposes for which it was collected, as detailed in this Privacy Policy. We may need to retain certain information for longer periods, such as recordkeeping\/reporting in accordance with applicable law or for other legitimate reasons, such as enforcement of legal rights, fraud prevention, etc. Residual anonymous information and aggregated information, none of which identifies you (directly or indirectly), may be stored indefinitely.<\/p>\n<h2>Your rights<\/h2>\n<p>Depending on the applicable law, you may have the right to access and rectify or erase your personal data or receive a copy of your personal data, restrict or object to the active processing of your data, ask us to share (port) your personal information to another entity, withdraw any consent you have provided to us to process your data, the right to lodge a complaint with a legal authority and any other rights that may be relevant under applicable laws. To exercise these rights, you may write to us at tinlohi@tinlohi.es. We will respond to your request in accordance with applicable law.<br \/>Please note that if you do not allow us to collect or process the required personal information or withdraw consent to process it for the required purposes, you may not be able to access or use the services for which your information was requested.<\/p>\n<h2>Cookies<\/h2>\n<p>For more information on how we use these and your choices regarding these tracking technologies, please see our Cookie Policy.<\/p>\n<h2>Security:<\/h2>\n<p>The security of your information is important to us and we will use reasonable security measures to prevent the loss, misuse or unauthorized alteration of your information under our control. However, given the inherent risks, we cannot guarantee absolute security and, accordingly, we cannot ensure or warrant the security of any information you transmit to us and you do so at your own risk.<\/p>\n<h2>Complaints\/Data Protection Officer:<\/h2>\n<p><br \/>If you have any questions or concerns about the processing of your information that is available with us, you can send an email to our Complaints Officer at Tinlohi SL, Autov\u00eda A-11, KM 354, email: tinlohi@tinlohi.es. <br \/>We will address your concerns in accordance with applicable law.<br \/><br \/><\/p>\t\t\t\t\t\t\t\t<\/div>\n\t\t\t\t<\/div>\n\t\t\t\t\t<\/div>\n\t\t<\/div>\n\t\t\t\t\t<\/div>\n\t\t<\/section>\n\t\t\t\t<\/div>","protected":false},"excerpt":{"rendered":"<p>Pol\u00edtica de privacidad \u00daltima actualizaci\u00f3n el 12 de mayo de 2023 Fecha de vigencia 12 de mayo de 2023 Esta Pol\u00edtica de Privacidad describe las pol\u00edticas de Tinlohi SL, Autov\u00eda A-11, KM 354, La Cist\u00e9rniga (Valladolid) 47193, Espa\u00f1a, correo electr\u00f3nico: tinlohi@tinlohi.es, tel\u00e9fono: 983 40 16 67 sobre la recopilaci\u00f3n, uso y divulgaci\u00f3n de su informaci\u00f3n [&hellip;]<\/p>\n","protected":false},"author":1,"featured_media":0,"parent":0,"menu_order":0,"comment_status":"closed","ping_status":"closed","template":"","meta":{"footnotes":""},"class_list":["post-3","page","type-page","status-publish","hentry"],"yoast_head":"<!-- This site is optimized with the Yoast SEO plugin v27.5 - https:\/\/yoast.com\/product\/yoast-seo-wordpress\/ -->\n<title>Pol\u00edtica de Privacidad - Tinlohi<\/title>\n<meta name=\"robots\" content=\"noindex, follow\" \/>\n<meta property=\"og:locale\" content=\"en_US\" \/>\n<meta property=\"og:type\" content=\"article\" \/>\n<meta property=\"og:title\" content=\"Pol\u00edtica de Privacidad - Tinlohi\" \/>\n<meta property=\"og:description\" content=\"Pol\u00edtica de privacidad \u00daltima actualizaci\u00f3n el 12 de mayo de 2023 Fecha de vigencia 12 de mayo de 2023 Esta Pol\u00edtica de Privacidad describe las pol\u00edticas de Tinlohi SL, Autov\u00eda A-11, KM 354, La Cist\u00e9rniga (Valladolid) 47193, Espa\u00f1a, correo electr\u00f3nico: tinlohi@tinlohi.es, tel\u00e9fono: 983 40 16 67 sobre la recopilaci\u00f3n, uso y divulgaci\u00f3n de su informaci\u00f3n [&hellip;]\" \/>\n<meta property=\"og:url\" content=\"https:\/\/tinlohi.es\/en\/politica-de-privacidad\/\" \/>\n<meta property=\"og:site_name\" content=\"Tinlohi\" \/>\n<meta property=\"article:modified_time\" content=\"2023-06-01T15:59:26+00:00\" \/>\n<meta name=\"twitter:card\" content=\"summary_large_image\" \/>\n<meta name=\"twitter:label1\" content=\"Est. reading time\" \/>\n\t<meta name=\"twitter:data1\" content=\"3 minutes\" \/>\n<script type=\"application\/ld+json\" class=\"yoast-schema-graph\">{\"@context\":\"https:\\\/\\\/schema.org\",\"@graph\":[{\"@type\":\"WebPage\",\"@id\":\"https:\\\/\\\/tinlohi.es\\\/en\\\/politica-de-privacidad\\\/\",\"url\":\"https:\\\/\\\/tinlohi.es\\\/en\\\/politica-de-privacidad\\\/\",\"name\":\"Pol\u00edtica de Privacidad - Tinlohi\",\"isPartOf\":{\"@id\":\"https:\\\/\\\/tinlohi.es\\\/#website\"},\"datePublished\":\"2023-04-24T06:53:44+00:00\",\"dateModified\":\"2023-06-01T15:59:26+00:00\",\"breadcrumb\":{\"@id\":\"https:\\\/\\\/tinlohi.es\\\/en\\\/politica-de-privacidad\\\/#breadcrumb\"},\"inLanguage\":\"en-US\",\"potentialAction\":[{\"@type\":\"ReadAction\",\"target\":[\"https:\\\/\\\/tinlohi.es\\\/en\\\/politica-de-privacidad\\\/\"]}]},{\"@type\":\"BreadcrumbList\",\"@id\":\"https:\\\/\\\/tinlohi.es\\\/en\\\/politica-de-privacidad\\\/#breadcrumb\",\"itemListElement\":[{\"@type\":\"ListItem\",\"position\":1,\"name\":\"Portada\",\"item\":\"https:\\\/\\\/tinlohi.es\\\/\"},{\"@type\":\"ListItem\",\"position\":2,\"name\":\"Pol\u00edtica de Privacidad\"}]},{\"@type\":\"WebSite\",\"@id\":\"https:\\\/\\\/tinlohi.es\\\/#website\",\"url\":\"https:\\\/\\\/tinlohi.es\\\/\",\"name\":\"Tinlohi\",\"description\":\"\",\"publisher\":{\"@id\":\"https:\\\/\\\/tinlohi.es\\\/#organization\"},\"potentialAction\":[{\"@type\":\"SearchAction\",\"target\":{\"@type\":\"EntryPoint\",\"urlTemplate\":\"https:\\\/\\\/tinlohi.es\\\/?s={search_term_string}\"},\"query-input\":{\"@type\":\"PropertyValueSpecification\",\"valueRequired\":true,\"valueName\":\"search_term_string\"}}],\"inLanguage\":\"en-US\"},{\"@type\":\"Organization\",\"@id\":\"https:\\\/\\\/tinlohi.es\\\/#organization\",\"name\":\"Gr\u00faas Tinlohi SL\",\"url\":\"https:\\\/\\\/tinlohi.es\\\/\",\"logo\":{\"@type\":\"ImageObject\",\"inLanguage\":\"en-US\",\"@id\":\"https:\\\/\\\/tinlohi.es\\\/#\\\/schema\\\/logo\\\/image\\\/\",\"url\":\"https:\\\/\\\/tinlohi.es\\\/wp-content\\\/uploads\\\/2023\\\/04\\\/LOGO-TINLOHI_2022.png\",\"contentUrl\":\"https:\\\/\\\/tinlohi.es\\\/wp-content\\\/uploads\\\/2023\\\/04\\\/LOGO-TINLOHI_2022.png\",\"width\":568,\"height\":315,\"caption\":\"Gr\u00faas Tinlohi SL\"},\"image\":{\"@id\":\"https:\\\/\\\/tinlohi.es\\\/#\\\/schema\\\/logo\\\/image\\\/\"}}]}<\/script>\n<!-- \/ Yoast SEO plugin. -->","yoast_head_json":{"title":"Pol\u00edtica de Privacidad - Tinlohi","robots":{"index":"noindex","follow":"follow"},"og_locale":"en_US","og_type":"article","og_title":"Pol\u00edtica de Privacidad - Tinlohi","og_description":"Pol\u00edtica de privacidad \u00daltima actualizaci\u00f3n el 12 de mayo de 2023 Fecha de vigencia 12 de mayo de 2023 Esta Pol\u00edtica de Privacidad describe las pol\u00edticas de Tinlohi SL, Autov\u00eda A-11, KM 354, La Cist\u00e9rniga (Valladolid) 47193, Espa\u00f1a, correo electr\u00f3nico: tinlohi@tinlohi.es, tel\u00e9fono: 983 40 16 67 sobre la recopilaci\u00f3n, uso y divulgaci\u00f3n de su informaci\u00f3n [&hellip;]","og_url":"https:\/\/tinlohi.es\/en\/politica-de-privacidad\/","og_site_name":"Tinlohi","article_modified_time":"2023-06-01T15:59:26+00:00","twitter_card":"summary_large_image","twitter_misc":{"Est. reading time":"3 minutes"},"schema":{"@context":"https:\/\/schema.org","@graph":[{"@type":"WebPage","@id":"https:\/\/tinlohi.es\/en\/politica-de-privacidad\/","url":"https:\/\/tinlohi.es\/en\/politica-de-privacidad\/","name":"Pol\u00edtica de Privacidad - Tinlohi","isPartOf":{"@id":"https:\/\/tinlohi.es\/#website"},"datePublished":"2023-04-24T06:53:44+00:00","dateModified":"2023-06-01T15:59:26+00:00","breadcrumb":{"@id":"https:\/\/tinlohi.es\/en\/politica-de-privacidad\/#breadcrumb"},"inLanguage":"en-US","potentialAction":[{"@type":"ReadAction","target":["https:\/\/tinlohi.es\/en\/politica-de-privacidad\/"]}]},{"@type":"BreadcrumbList","@id":"https:\/\/tinlohi.es\/en\/politica-de-privacidad\/#breadcrumb","itemListElement":[{"@type":"ListItem","position":1,"name":"Portada","item":"https:\/\/tinlohi.es\/"},{"@type":"ListItem","position":2,"name":"Pol\u00edtica de Privacidad"}]},{"@type":"WebSite","@id":"https:\/\/tinlohi.es\/#website","url":"https:\/\/tinlohi.es\/","name":"Tinlohi","description":"","publisher":{"@id":"https:\/\/tinlohi.es\/#organization"},"potentialAction":[{"@type":"SearchAction","target":{"@type":"EntryPoint","urlTemplate":"https:\/\/tinlohi.es\/?s={search_term_string}"},"query-input":{"@type":"PropertyValueSpecification","valueRequired":true,"valueName":"search_term_string"}}],"inLanguage":"en-US"},{"@type":"Organization","@id":"https:\/\/tinlohi.es\/#organization","name":"Gr\u00faas Tinlohi SL","url":"https:\/\/tinlohi.es\/","logo":{"@type":"ImageObject","inLanguage":"en-US","@id":"https:\/\/tinlohi.es\/#\/schema\/logo\/image\/","url":"https:\/\/tinlohi.es\/wp-content\/uploads\/2023\/04\/LOGO-TINLOHI_2022.png","contentUrl":"https:\/\/tinlohi.es\/wp-content\/uploads\/2023\/04\/LOGO-TINLOHI_2022.png","width":568,"height":315,"caption":"Gr\u00faas Tinlohi SL"},"image":{"@id":"https:\/\/tinlohi.es\/#\/schema\/logo\/image\/"}}]}},"_links":{"self":[{"href":"https:\/\/tinlohi.es\/en\/wp-json\/wp\/v2\/pages\/3","targetHints":{"allow":["GET"]}}],"collection":[{"href":"https:\/\/tinlohi.es\/en\/wp-json\/wp\/v2\/pages"}],"about":[{"href":"https:\/\/tinlohi.es\/en\/wp-json\/wp\/v2\/types\/page"}],"author":[{"embeddable":true,"href":"https:\/\/tinlohi.es\/en\/wp-json\/wp\/v2\/users\/1"}],"replies":[{"embeddable":true,"href":"https:\/\/tinlohi.es\/en\/wp-json\/wp\/v2\/comments?post=3"}],"version-history":[{"count":6,"href":"https:\/\/tinlohi.es\/en\/wp-json\/wp\/v2\/pages\/3\/revisions"}],"predecessor-version":[{"id":949,"href":"https:\/\/tinlohi.es\/en\/wp-json\/wp\/v2\/pages\/3\/revisions\/949"}],"wp:attachment":[{"href":"https:\/\/tinlohi.es\/en\/wp-json\/wp\/v2\/media?parent=3"}],"curies":[{"name":"wp","href":"https:\/\/api.w.org\/{rel}","templated":true}]}}