{"id":465,"date":"2023-05-12T04:13:20","date_gmt":"2023-05-12T04:13:20","guid":{"rendered":"https:\/\/new.tinlohi.es\/?page_id=465"},"modified":"2023-06-01T15:59:07","modified_gmt":"2023-06-01T15:59:07","slug":"accesibilidad","status":"publish","type":"page","link":"https:\/\/tinlohi.es\/en\/accesibilidad\/","title":{"rendered":"Accessibility"},"content":{"rendered":"<div data-elementor-type=\"wp-page\" data-elementor-id=\"465\" class=\"elementor elementor-465\" data-elementor-post-type=\"page\">\n\t\t\t\t\t\t<section class=\"elementor-section elementor-top-section elementor-element elementor-element-092287d elementor-section-boxed elementor-section-height-default elementor-section-height-default\" data-id=\"092287d\" data-element_type=\"section\" data-e-type=\"section\">\n\t\t\t\t\t\t<div class=\"elementor-container elementor-column-gap-default\">\n\t\t\t\t\t<div class=\"elementor-column elementor-col-100 elementor-top-column elementor-element elementor-element-02c4bd3\" data-id=\"02c4bd3\" data-element_type=\"column\" data-e-type=\"column\">\n\t\t\t<div class=\"elementor-widget-wrap elementor-element-populated\">\n\t\t\t\t\t\t<div class=\"elementor-element elementor-element-c3fc2f1 elementor-widget elementor-widget-text-editor\" data-id=\"c3fc2f1\" data-element_type=\"widget\" data-e-type=\"widget\" data-widget_type=\"text-editor.default\">\n\t\t\t\t<div class=\"elementor-widget-container\">\n\t\t\t\t\t\t\t\t\t<h1>Accessibility<\/h1><h2>Accessibility Statement<\/h2><p>TINLOHI SL is committed to making its website accessible in compliance with the <a role=\"link\" href=\"http:\/\/www.boe.es\/diario_boe\/txt.php?id=BOE-A-2018-12699\" target=\"_blank\" rel=\"noreferrer noopener\">Royal Decree 1112\/2018, of September 7, on accessibility of public sector websites and applications for mobile devices.<\/a><\/p><p>This accessibility statement applies to the https:\/\/tinlohi.es website.<\/p><h3>Compliance status<\/h3><p>This website is partially compliant with RD 1112\/2018 due to the exceptions and non-compliance of the aspects listed below.<\/p><h3>Content not accessible<\/h3><p>The content below is not accessible because of the following:<\/p><h3>Non-compliance with RD 1112\/2018.<\/h3><p>There may be some aspects of contrast that do not meet the required minimum, 3:1, with respect to the adjacent colors of the background of the web section in question (9.1.4.11 Non-textual contrast).<\/p><p>There may be some non-textual elements that are not labeled correctly (9.2.5.3 Label in the name).<\/p><p>There may be some texts in another language that are not correctly labeled (9.3.1.2 Language of the parts).<\/p><p>There may be occasional code editing errors in some web pages (9.4.1.1 Processing).<\/p><p>There could be logos and images with incorrect alternative text, as well as images without textual description (9.1.1.1 Non-textual content).<\/p><p>There may be links whose function is not correctly identified (9.2.4.4 Purpose of links).<\/p><p>There may be information or relationships that cannot be determined programmatically or are not available in the text (9.1.3.1 Information and relationships).<\/p><p>Elements without complete start and\/or end tags, elements with duplicate attributes or without a unique identifier may exist in the content implemented by markup languages (9.4.1.1 Processing).<\/p><h3>Disproportionate burden<\/h3><p>Not applicable.<\/p><h3>The content does not fall within the scope of the applicable law.<\/h3><p>There may be office files in PDF or other formats published before September 20, 2018 that do not fully comply with all accessibility requirements. However, efforts have been made to ensure that most of them do.<\/p><h3>Preparation of this accessibility statement<\/h3><p>This statement was prepared on May 5, 2023.<\/p><p>The method used to prepare the statement was a self-assessment carried out by the entity itself.<\/p><p>Last revision of the statement: May 5, 2023.<\/p><h3>Remarks and contact information<\/h3><p>You can make communications about accessibility requirements (Article 10.2.a of RD 1112\/2018) through the contact details of this website available at the following address: https:\/\/tinlohi.es\/contacto<\/p><p>For example:<\/p><ul><li>Report any possible non-compliance by this website.<\/li><li>Convey other difficulties in accessing the content.<\/li><li>Ask any other questions or suggestions for improvement regarding the accessibility of the website.<\/li><\/ul><p>You may also submit:<\/p><ul><li>Complaint regarding compliance with the requirements of RD 1112\/2018 \uf0b7 Request for Accessible Information regarding:<ul><li>Contents that are excluded from the scope of application of RD 1112\/2018 as established by Article 3, paragraph 4.<\/li><li>Content that is exempt from compliance with accessibility requirements because it imposes a disproportionate burden.<\/li><\/ul><\/li><\/ul><p>The Request for Accessible Information must clearly state the facts, reasons and request to show that the request is reasonable and legitimate.<\/p><p>Complaints and claims regarding accessible information shall be made through the contact details of this website available at the following address: https:\/\/tinlohi.es\/contacto.<\/p><h3>Optional content<\/h3><p>This website is designed for responsive viewing, so that it can be viewed correctly on devices such as tablets and mobile devices.<\/p><p>It is also designed to be able to change the text size by means of the menus defined for this purpose according to the browser used.\u00a0<\/p><p>It can also be done using the following keyboard shortcuts by pressing both keys at the same time:<\/p><ul><li>Ctrl + : zoom in.<\/li><li>Ctrl - : decrease it.<\/li><li>Ctrl 0 : restore original size.<\/li><\/ul><p>Similarly, if a user does not have a mouse, he\/she can move through the different elements of the page he\/she is visiting using the keyboard, by means of the tab key.<\/p>\t\t\t\t\t\t\t\t<\/div>\n\t\t\t\t<\/div>\n\t\t\t\t\t<\/div>\n\t\t<\/div>\n\t\t\t\t\t<\/div>\n\t\t<\/section>\n\t\t\t\t<\/div>","protected":false},"excerpt":{"rendered":"<p>Accesibilidad Declaraci\u00f3n de Accesibilidad TINLOHI SL se ha comprometido a hacer accesible su sitio web de conformidad con el Real Decreto 1112\/2018, de 7 de septiembre, sobre accesibilidad de los sitios web y aplicaciones para dispositivos m\u00f3viles del sector p\u00fablico. La presente declaraci\u00f3n de accesibilidad se aplica al sitio web https:\/\/tinlohi.es Situaci\u00f3n de cumplimiento Este [&hellip;]<\/p>\n","protected":false},"author":1,"featured_media":0,"parent":0,"menu_order":0,"comment_status":"closed","ping_status":"closed","template":"","meta":{"footnotes":""},"class_list":["post-465","page","type-page","status-publish","hentry"],"yoast_head":"<!-- This site is optimized with the Yoast SEO plugin v27.5 - https:\/\/yoast.com\/product\/yoast-seo-wordpress\/ -->\n<title>Accesibilidad - Tinlohi<\/title>\n<meta name=\"robots\" content=\"noindex, follow\" \/>\n<meta property=\"og:locale\" content=\"en_US\" \/>\n<meta property=\"og:type\" content=\"article\" \/>\n<meta property=\"og:title\" content=\"Accesibilidad - Tinlohi\" \/>\n<meta property=\"og:description\" content=\"Accesibilidad Declaraci\u00f3n de Accesibilidad TINLOHI SL se ha comprometido a hacer accesible su sitio web de conformidad con el Real Decreto 1112\/2018, de 7 de septiembre, sobre accesibilidad de los sitios web y aplicaciones para dispositivos m\u00f3viles del sector p\u00fablico. La presente declaraci\u00f3n de accesibilidad se aplica al sitio web https:\/\/tinlohi.es Situaci\u00f3n de cumplimiento Este [&hellip;]\" \/>\n<meta property=\"og:url\" content=\"https:\/\/tinlohi.es\/en\/accesibilidad\/\" \/>\n<meta property=\"og:site_name\" content=\"Tinlohi\" \/>\n<meta property=\"article:modified_time\" content=\"2023-06-01T15:59:07+00:00\" \/>\n<meta name=\"twitter:card\" content=\"summary_large_image\" \/>\n<meta name=\"twitter:label1\" content=\"Est. reading time\" \/>\n\t<meta name=\"twitter:data1\" content=\"3 minutes\" \/>\n<script type=\"application\/ld+json\" class=\"yoast-schema-graph\">{\"@context\":\"https:\\\/\\\/schema.org\",\"@graph\":[{\"@type\":\"WebPage\",\"@id\":\"https:\\\/\\\/tinlohi.es\\\/en\\\/accesibilidad\\\/\",\"url\":\"https:\\\/\\\/tinlohi.es\\\/en\\\/accesibilidad\\\/\",\"name\":\"Accesibilidad - Tinlohi\",\"isPartOf\":{\"@id\":\"https:\\\/\\\/tinlohi.es\\\/#website\"},\"datePublished\":\"2023-05-12T04:13:20+00:00\",\"dateModified\":\"2023-06-01T15:59:07+00:00\",\"breadcrumb\":{\"@id\":\"https:\\\/\\\/tinlohi.es\\\/en\\\/accesibilidad\\\/#breadcrumb\"},\"inLanguage\":\"en-US\",\"potentialAction\":[{\"@type\":\"ReadAction\",\"target\":[\"https:\\\/\\\/tinlohi.es\\\/en\\\/accesibilidad\\\/\"]}]},{\"@type\":\"BreadcrumbList\",\"@id\":\"https:\\\/\\\/tinlohi.es\\\/en\\\/accesibilidad\\\/#breadcrumb\",\"itemListElement\":[{\"@type\":\"ListItem\",\"position\":1,\"name\":\"Portada\",\"item\":\"https:\\\/\\\/tinlohi.es\\\/\"},{\"@type\":\"ListItem\",\"position\":2,\"name\":\"Accesibilidad\"}]},{\"@type\":\"WebSite\",\"@id\":\"https:\\\/\\\/tinlohi.es\\\/#website\",\"url\":\"https:\\\/\\\/tinlohi.es\\\/\",\"name\":\"Tinlohi\",\"description\":\"\",\"publisher\":{\"@id\":\"https:\\\/\\\/tinlohi.es\\\/#organization\"},\"potentialAction\":[{\"@type\":\"SearchAction\",\"target\":{\"@type\":\"EntryPoint\",\"urlTemplate\":\"https:\\\/\\\/tinlohi.es\\\/?s={search_term_string}\"},\"query-input\":{\"@type\":\"PropertyValueSpecification\",\"valueRequired\":true,\"valueName\":\"search_term_string\"}}],\"inLanguage\":\"en-US\"},{\"@type\":\"Organization\",\"@id\":\"https:\\\/\\\/tinlohi.es\\\/#organization\",\"name\":\"Gr\u00faas Tinlohi SL\",\"url\":\"https:\\\/\\\/tinlohi.es\\\/\",\"logo\":{\"@type\":\"ImageObject\",\"inLanguage\":\"en-US\",\"@id\":\"https:\\\/\\\/tinlohi.es\\\/#\\\/schema\\\/logo\\\/image\\\/\",\"url\":\"https:\\\/\\\/tinlohi.es\\\/wp-content\\\/uploads\\\/2023\\\/04\\\/LOGO-TINLOHI_2022.png\",\"contentUrl\":\"https:\\\/\\\/tinlohi.es\\\/wp-content\\\/uploads\\\/2023\\\/04\\\/LOGO-TINLOHI_2022.png\",\"width\":568,\"height\":315,\"caption\":\"Gr\u00faas Tinlohi SL\"},\"image\":{\"@id\":\"https:\\\/\\\/tinlohi.es\\\/#\\\/schema\\\/logo\\\/image\\\/\"}}]}<\/script>\n<!-- \/ Yoast SEO plugin. -->","yoast_head_json":{"title":"Accesibilidad - Tinlohi","robots":{"index":"noindex","follow":"follow"},"og_locale":"en_US","og_type":"article","og_title":"Accesibilidad - Tinlohi","og_description":"Accesibilidad Declaraci\u00f3n de Accesibilidad TINLOHI SL se ha comprometido a hacer accesible su sitio web de conformidad con el Real Decreto 1112\/2018, de 7 de septiembre, sobre accesibilidad de los sitios web y aplicaciones para dispositivos m\u00f3viles del sector p\u00fablico. La presente declaraci\u00f3n de accesibilidad se aplica al sitio web https:\/\/tinlohi.es Situaci\u00f3n de cumplimiento Este [&hellip;]","og_url":"https:\/\/tinlohi.es\/en\/accesibilidad\/","og_site_name":"Tinlohi","article_modified_time":"2023-06-01T15:59:07+00:00","twitter_card":"summary_large_image","twitter_misc":{"Est. reading time":"3 minutes"},"schema":{"@context":"https:\/\/schema.org","@graph":[{"@type":"WebPage","@id":"https:\/\/tinlohi.es\/en\/accesibilidad\/","url":"https:\/\/tinlohi.es\/en\/accesibilidad\/","name":"Accesibilidad - Tinlohi","isPartOf":{"@id":"https:\/\/tinlohi.es\/#website"},"datePublished":"2023-05-12T04:13:20+00:00","dateModified":"2023-06-01T15:59:07+00:00","breadcrumb":{"@id":"https:\/\/tinlohi.es\/en\/accesibilidad\/#breadcrumb"},"inLanguage":"en-US","potentialAction":[{"@type":"ReadAction","target":["https:\/\/tinlohi.es\/en\/accesibilidad\/"]}]},{"@type":"BreadcrumbList","@id":"https:\/\/tinlohi.es\/en\/accesibilidad\/#breadcrumb","itemListElement":[{"@type":"ListItem","position":1,"name":"Portada","item":"https:\/\/tinlohi.es\/"},{"@type":"ListItem","position":2,"name":"Accesibilidad"}]},{"@type":"WebSite","@id":"https:\/\/tinlohi.es\/#website","url":"https:\/\/tinlohi.es\/","name":"Tinlohi","description":"","publisher":{"@id":"https:\/\/tinlohi.es\/#organization"},"potentialAction":[{"@type":"SearchAction","target":{"@type":"EntryPoint","urlTemplate":"https:\/\/tinlohi.es\/?s={search_term_string}"},"query-input":{"@type":"PropertyValueSpecification","valueRequired":true,"valueName":"search_term_string"}}],"inLanguage":"en-US"},{"@type":"Organization","@id":"https:\/\/tinlohi.es\/#organization","name":"Gr\u00faas Tinlohi SL","url":"https:\/\/tinlohi.es\/","logo":{"@type":"ImageObject","inLanguage":"en-US","@id":"https:\/\/tinlohi.es\/#\/schema\/logo\/image\/","url":"https:\/\/tinlohi.es\/wp-content\/uploads\/2023\/04\/LOGO-TINLOHI_2022.png","contentUrl":"https:\/\/tinlohi.es\/wp-content\/uploads\/2023\/04\/LOGO-TINLOHI_2022.png","width":568,"height":315,"caption":"Gr\u00faas Tinlohi SL"},"image":{"@id":"https:\/\/tinlohi.es\/#\/schema\/logo\/image\/"}}]}},"_links":{"self":[{"href":"https:\/\/tinlohi.es\/en\/wp-json\/wp\/v2\/pages\/465","targetHints":{"allow":["GET"]}}],"collection":[{"href":"https:\/\/tinlohi.es\/en\/wp-json\/wp\/v2\/pages"}],"about":[{"href":"https:\/\/tinlohi.es\/en\/wp-json\/wp\/v2\/types\/page"}],"author":[{"embeddable":true,"href":"https:\/\/tinlohi.es\/en\/wp-json\/wp\/v2\/users\/1"}],"replies":[{"embeddable":true,"href":"https:\/\/tinlohi.es\/en\/wp-json\/wp\/v2\/comments?post=465"}],"version-history":[{"count":8,"href":"https:\/\/tinlohi.es\/en\/wp-json\/wp\/v2\/pages\/465\/revisions"}],"predecessor-version":[{"id":947,"href":"https:\/\/tinlohi.es\/en\/wp-json\/wp\/v2\/pages\/465\/revisions\/947"}],"wp:attachment":[{"href":"https:\/\/tinlohi.es\/en\/wp-json\/wp\/v2\/media?parent=465"}],"curies":[{"name":"wp","href":"https:\/\/api.w.org\/{rel}","templated":true}]}}