{"id":28,"date":"2023-04-24T07:46:19","date_gmt":"2023-04-24T07:46:19","guid":{"rendered":"https:\/\/new.tinlohi.es\/?page_id=28"},"modified":"2023-06-01T16:04:27","modified_gmt":"2023-06-01T16:04:27","slug":"contacto","status":"publish","type":"page","link":"https:\/\/tinlohi.es\/pt\/contacto\/","title":{"rendered":"Contacto"},"content":{"rendered":"\t\t<div data-elementor-type=\"wp-page\" data-elementor-id=\"28\" class=\"elementor elementor-28\" data-elementor-post-type=\"page\">\n\t\t\t\t\t\t<section class=\"elementor-section elementor-top-section elementor-element elementor-element-39ac5af elementor-section-content-middle elementor-reverse-mobile elementor-section-boxed elementor-section-height-default elementor-section-height-default\" data-id=\"39ac5af\" data-element_type=\"section\" data-e-type=\"section\" data-settings=\"{&quot;background_background&quot;:&quot;classic&quot;}\">\n\t\t\t\t\t\t<div class=\"elementor-container elementor-column-gap-wider\">\n\t\t\t\t\t<div class=\"elementor-column elementor-col-50 elementor-top-column elementor-element elementor-element-fe864e6\" data-id=\"fe864e6\" data-element_type=\"column\" data-e-type=\"column\">\n\t\t\t<div class=\"elementor-widget-wrap elementor-element-populated\">\n\t\t\t\t\t\t<div class=\"elementor-element elementor-element-0680b10 elementor-button-align-stretch elementor-widget elementor-widget-form\" data-id=\"0680b10\" data-element_type=\"widget\" data-e-type=\"widget\" data-settings=\"{&quot;step_next_label&quot;:&quot;Siguiente&quot;,&quot;step_previous_label&quot;:&quot;Anterior&quot;,&quot;button_width&quot;:&quot;100&quot;,&quot;step_type&quot;:&quot;number_text&quot;,&quot;step_icon_shape&quot;:&quot;circle&quot;}\" data-widget_type=\"form.default\">\n\t\t\t\t<div class=\"elementor-widget-container\">\n\t\t\t\t\t\t\t<form class=\"elementor-form\" method=\"post\" name=\"Formulario contacto\" aria-label=\"Formulario contacto\">\n\t\t\t<input type=\"hidden\" name=\"post_id\" value=\"28\"\/>\n\t\t\t<input type=\"hidden\" name=\"form_id\" value=\"0680b10\"\/>\n\t\t\t<input type=\"hidden\" name=\"referer_title\" value=\"Contacto - Tinlohi\" \/>\n\n\t\t\t\t\t\t\t<input type=\"hidden\" name=\"queried_id\" value=\"28\"\/>\n\t\t\t\n\t\t\t<div class=\"elementor-form-fields-wrapper elementor-labels-above\">\n\t\t\t\t\t\t\t\t<div class=\"elementor-field-type-text elementor-field-group elementor-column elementor-field-group-name elementor-col-50 elementor-field-required elementor-mark-required\">\n\t\t\t\t\t\t\t\t\t\t\t\t<label for=\"form-field-name\" class=\"elementor-field-label\">\n\t\t\t\t\t\t\t\tNombre\t\t\t\t\t\t\t<\/label>\n\t\t\t\t\t\t\t\t\t\t\t\t\t\t<input size=\"1\" type=\"text\" name=\"form_fields[name]\" id=\"form-field-name\" class=\"elementor-field elementor-size-sm  elementor-field-textual\" required=\"required\">\n\t\t\t\t\t\t\t\t\t\t\t<\/div>\n\t\t\t\t\t\t\t\t<div class=\"elementor-field-type-text elementor-field-group elementor-column elementor-field-group-field_150e5d7 elementor-col-50\">\n\t\t\t\t\t\t\t\t\t\t\t\t<label for=\"form-field-field_150e5d7\" class=\"elementor-field-label\">\n\t\t\t\t\t\t\t\tTel\u00e9fono\t\t\t\t\t\t\t<\/label>\n\t\t\t\t\t\t\t\t\t\t\t\t\t\t<input size=\"1\" type=\"text\" name=\"form_fields[field_150e5d7]\" id=\"form-field-field_150e5d7\" class=\"elementor-field elementor-size-sm  elementor-field-textual\">\n\t\t\t\t\t\t\t\t\t\t\t<\/div>\n\t\t\t\t\t\t\t\t<div class=\"elementor-field-type-email elementor-field-group elementor-column elementor-field-group-email elementor-col-100 elementor-field-required elementor-mark-required\">\n\t\t\t\t\t\t\t\t\t\t\t\t<label for=\"form-field-email\" class=\"elementor-field-label\">\n\t\t\t\t\t\t\t\tCorreo electr\u00f3nico\t\t\t\t\t\t\t<\/label>\n\t\t\t\t\t\t\t\t\t\t\t\t\t\t<input size=\"1\" type=\"email\" name=\"form_fields[email]\" id=\"form-field-email\" class=\"elementor-field elementor-size-sm  elementor-field-textual\" required=\"required\">\n\t\t\t\t\t\t\t\t\t\t\t<\/div>\n\t\t\t\t\t\t\t\t<div class=\"elementor-field-type-text elementor-field-group elementor-column elementor-field-group-field_3ca3d67 elementor-col-100\">\n\t\t\t\t\t\t\t\t\t\t\t\t<label for=\"form-field-field_3ca3d67\" class=\"elementor-field-label\">\n\t\t\t\t\t\t\t\tAsunto\t\t\t\t\t\t\t<\/label>\n\t\t\t\t\t\t\t\t\t\t\t\t\t\t<input size=\"1\" type=\"text\" name=\"form_fields[field_3ca3d67]\" id=\"form-field-field_3ca3d67\" class=\"elementor-field elementor-size-sm  elementor-field-textual\">\n\t\t\t\t\t\t\t\t\t\t\t<\/div>\n\t\t\t\t\t\t\t\t<div class=\"elementor-field-type-textarea elementor-field-group elementor-column elementor-field-group-message elementor-col-100 elementor-field-required elementor-mark-required\">\n\t\t\t\t\t\t\t\t\t\t\t\t<label for=\"form-field-message\" class=\"elementor-field-label\">\n\t\t\t\t\t\t\t\tMensaje\t\t\t\t\t\t\t<\/label>\n\t\t\t\t\t\t<textarea class=\"elementor-field-textual elementor-field  elementor-size-sm\" name=\"form_fields[message]\" id=\"form-field-message\" rows=\"4\" required=\"required\"><\/textarea>\t\t\t\t<\/div>\n\t\t\t\t\t\t\t\t<div class=\"elementor-field-type-acceptance elementor-field-group elementor-column elementor-field-group-field_dc1fad5 elementor-col-100 elementor-field-required elementor-mark-required\">\n\t\t\t\t\t\t\t<div class=\"elementor-field-subgroup\">\n\t\t\t<span class=\"elementor-field-option\">\n\t\t\t\t<input type=\"checkbox\" name=\"form_fields[field_dc1fad5]\" id=\"form-field-field_dc1fad5\" class=\"elementor-field elementor-size-sm  elementor-acceptance-field\" required=\"required\">\n\t\t\t\t<label for=\"form-field-field_dc1fad5\">He le\u00eddo y acepto las <a style=\"color: #;\" href=\"https:\/\/tinlohi.es\/politica-de-privacidad\/\">pol&iacute;ticas de privacidad<\/a><\/span><\/p><\/label>\t\t\t<\/span>\n\t\t<\/div>\n\t\t\t\t\t\t<\/div>\n\t\t\t\t\t\t\t\t<div class=\"elementor-field-type-recaptcha_v3 elementor-field-group elementor-column elementor-field-group-field_2bc0509 elementor-col-100 recaptcha_v3-bottomright\">\n\t\t\t\t\t<div class=\"elementor-field\" id=\"form-field-field_2bc0509\"><div class=\"elementor-g-recaptcha\" data-sitekey=\"6LeqRVwmAAAAAOD38EUWj1rpw6vXc_fzPs_WyRgG\" data-type=\"v3\" data-action=\"Form\" data-badge=\"bottomright\" data-size=\"invisible\"><\/div><\/div>\t\t\t\t<\/div>\n\t\t\t\t\t\t\t\t<div class=\"elementor-field-group elementor-column elementor-field-type-submit elementor-col-100 e-form__buttons\">\n\t\t\t\t\t<button class=\"elementor-button elementor-size-sm\" type=\"submit\">\n\t\t\t\t\t\t<span class=\"elementor-button-content-wrapper\">\n\t\t\t\t\t\t\t\t\t\t\t\t\t\t\t\t\t\t\t\t\t\t<span class=\"elementor-button-text\">Enviar<\/span>\n\t\t\t\t\t\t\t\t\t\t\t\t\t<\/span>\n\t\t\t\t\t<\/button>\n\t\t\t\t<\/div>\n\t\t\t<\/div>\n\t\t<\/form>\n\t\t\t\t\t\t<\/div>\n\t\t\t\t<\/div>\n\t\t\t\t\t<\/div>\n\t\t<\/div>\n\t\t\t\t<div class=\"elementor-column elementor-col-50 elementor-top-column elementor-element elementor-element-7cee5da\" data-id=\"7cee5da\" data-element_type=\"column\" data-e-type=\"column\">\n\t\t\t<div class=\"elementor-widget-wrap elementor-element-populated\">\n\t\t\t\t\t\t<div class=\"elementor-element elementor-element-5eff03b elementor-widget elementor-widget-heading\" data-id=\"5eff03b\" data-element_type=\"widget\" data-e-type=\"widget\" data-widget_type=\"heading.default\">\n\t\t\t\t<div class=\"elementor-widget-container\">\n\t\t\t\t\t<h1 class=\"elementor-heading-title elementor-size-default\">Contacto<\/h1>\t\t\t\t<\/div>\n\t\t\t\t<\/div>\n\t\t\t\t<div class=\"elementor-element elementor-element-a147f00 elementor-position-inline-start elementor-view-default elementor-mobile-position-block-start elementor-widget elementor-widget-icon-box\" data-id=\"a147f00\" data-element_type=\"widget\" data-e-type=\"widget\" data-widget_type=\"icon-box.default\">\n\t\t\t\t<div class=\"elementor-widget-container\">\n\t\t\t\t\t\t\t<div class=\"elementor-icon-box-wrapper\">\n\n\t\t\t\t\t\t<div class=\"elementor-icon-box-icon\">\n\t\t\t\t<a href=\"https:\/\/www.google.es\/maps\/place\/Gr%C3%BAas+Tinlohi+S.L.\/@41.6001206,-4.658629,17z\/data=!3m1!4b1!4m6!3m5!1s0xd471309bbf4db81:0x4df58b8914bfbee!8m2!3d41.6001206!4d-4.6560541!16s%2Fg%2F1tdw05p6?hl=es\" target=\"_blank\" class=\"elementor-icon\" tabindex=\"-1\" aria-label=\"Direcci\u00f3n\">\n\t\t\t\t<i aria-hidden=\"true\" class=\"fas fa-building\"><\/i>\t\t\t\t<\/a>\n\t\t\t<\/div>\n\t\t\t\n\t\t\t\t\t\t<div class=\"elementor-icon-box-content\">\n\n\t\t\t\t\t\t\t\t\t<h2 class=\"elementor-icon-box-title\">\n\t\t\t\t\t\t<a href=\"https:\/\/www.google.es\/maps\/place\/Gr%C3%BAas+Tinlohi+S.L.\/@41.6001206,-4.658629,17z\/data=!3m1!4b1!4m6!3m5!1s0xd471309bbf4db81:0x4df58b8914bfbee!8m2!3d41.6001206!4d-4.6560541!16s%2Fg%2F1tdw05p6?hl=es\" target=\"_blank\" >\n\t\t\t\t\t\t\tDirecci\u00f3n\t\t\t\t\t\t<\/a>\n\t\t\t\t\t<\/h2>\n\t\t\t\t\n\t\t\t\t\t\t\t\t\t<p class=\"elementor-icon-box-description\">\n\t\t\t\t\t\tAutov\u00eda A-11, KM 354 47193 La Cist\u00e9rniga (Valladolid) Espa\u00f1a\t\t\t\t\t<\/p>\n\t\t\t\t\n\t\t\t<\/div>\n\t\t\t\n\t\t<\/div>\n\t\t\t\t\t\t<\/div>\n\t\t\t\t<\/div>\n\t\t\t\t<div class=\"elementor-element elementor-element-e2db2a5 elementor-position-inline-start elementor-view-default elementor-mobile-position-block-start elementor-widget elementor-widget-icon-box\" data-id=\"e2db2a5\" data-element_type=\"widget\" data-e-type=\"widget\" data-widget_type=\"icon-box.default\">\n\t\t\t\t<div class=\"elementor-widget-container\">\n\t\t\t\t\t\t\t<div class=\"elementor-icon-box-wrapper\">\n\n\t\t\t\t\t\t<div class=\"elementor-icon-box-icon\">\n\t\t\t\t<span  class=\"elementor-icon\">\n\t\t\t\t<i aria-hidden=\"true\" class=\"far fa-clock\"><\/i>\t\t\t\t<\/span>\n\t\t\t<\/div>\n\t\t\t\n\t\t\t\t\t\t<div class=\"elementor-icon-box-content\">\n\n\t\t\t\t\t\t\t\t\t<h2 class=\"elementor-icon-box-title\">\n\t\t\t\t\t\t<span  >\n\t\t\t\t\t\t\tHorario\t\t\t\t\t\t<\/span>\n\t\t\t\t\t<\/h2>\n\t\t\t\t\n\t\t\t\t\t\t\t\t\t<p class=\"elementor-icon-box-description\">\n\t\t\t\t\t\tDe 8:00 a 19:00 horas, ininterrumpidamente\t\t\t\t\t<\/p>\n\t\t\t\t\n\t\t\t<\/div>\n\t\t\t\n\t\t<\/div>\n\t\t\t\t\t\t<\/div>\n\t\t\t\t<\/div>\n\t\t\t\t<div class=\"elementor-element elementor-element-4a81848 elementor-position-inline-start elementor-view-default elementor-mobile-position-block-start elementor-widget elementor-widget-icon-box\" data-id=\"4a81848\" data-element_type=\"widget\" data-e-type=\"widget\" data-widget_type=\"icon-box.default\">\n\t\t\t\t<div class=\"elementor-widget-container\">\n\t\t\t\t\t\t\t<div class=\"elementor-icon-box-wrapper\">\n\n\t\t\t\t\t\t<div class=\"elementor-icon-box-icon\">\n\t\t\t\t<a href=\"tel:+34983401667\" class=\"elementor-icon\" tabindex=\"-1\" aria-label=\"Tel\u00e9fonos Oficina: \">\n\t\t\t\t<i aria-hidden=\"true\" class=\"fas fa-phone-square-alt\"><\/i>\t\t\t\t<\/a>\n\t\t\t<\/div>\n\t\t\t\n\t\t\t\t\t\t<div class=\"elementor-icon-box-content\">\n\n\t\t\t\t\t\t\t\t\t<h2 class=\"elementor-icon-box-title\">\n\t\t\t\t\t\t<a href=\"tel:+34983401667\" >\n\t\t\t\t\t\t\tTel\u00e9fonos Oficina: \t\t\t\t\t\t<\/a>\n\t\t\t\t\t<\/h2>\n\t\t\t\t\n\t\t\t\t\t\t\t\t\t<p class=\"elementor-icon-box-description\">\n\t\t\t\t\t\t(+34) 983 401 667 \/  651 344 820 \/ 671 519 077\t\t\t\t\t<\/p>\n\t\t\t\t\n\t\t\t<\/div>\n\t\t\t\n\t\t<\/div>\n\t\t\t\t\t\t<\/div>\n\t\t\t\t<\/div>\n\t\t\t\t<div class=\"elementor-element elementor-element-6436508 elementor-position-inline-start elementor-view-default elementor-mobile-position-block-start elementor-widget elementor-widget-icon-box\" data-id=\"6436508\" data-element_type=\"widget\" data-e-type=\"widget\" data-widget_type=\"icon-box.default\">\n\t\t\t\t<div class=\"elementor-widget-container\">\n\t\t\t\t\t\t\t<div class=\"elementor-icon-box-wrapper\">\n\n\t\t\t\t\t\t<div class=\"elementor-icon-box-icon\">\n\t\t\t\t<a href=\"tel:+34619468116\" class=\"elementor-icon\" tabindex=\"-1\" aria-label=\"Servicio 24 Horas\">\n\t\t\t\t<i aria-hidden=\"true\" class=\"fas fa-mobile-alt\"><\/i>\t\t\t\t<\/a>\n\t\t\t<\/div>\n\t\t\t\n\t\t\t\t\t\t<div class=\"elementor-icon-box-content\">\n\n\t\t\t\t\t\t\t\t\t<h2 class=\"elementor-icon-box-title\">\n\t\t\t\t\t\t<a href=\"tel:+34619468116\" >\n\t\t\t\t\t\t\tServicio 24 Horas\t\t\t\t\t\t<\/a>\n\t\t\t\t\t<\/h2>\n\t\t\t\t\n\t\t\t\t\t\t\t\t\t<p class=\"elementor-icon-box-description\">\n\t\t\t\t\t\t(+34) 619 468 116\t\t\t\t\t<\/p>\n\t\t\t\t\n\t\t\t<\/div>\n\t\t\t\n\t\t<\/div>\n\t\t\t\t\t\t<\/div>\n\t\t\t\t<\/div>\n\t\t\t\t<div class=\"elementor-element elementor-element-da5dd81 elementor-position-inline-start elementor-view-default elementor-mobile-position-block-start elementor-widget elementor-widget-icon-box\" data-id=\"da5dd81\" data-element_type=\"widget\" data-e-type=\"widget\" data-widget_type=\"icon-box.default\">\n\t\t\t\t<div class=\"elementor-widget-container\">\n\t\t\t\t\t\t\t<div class=\"elementor-icon-box-wrapper\">\n\n\t\t\t\t\t\t<div class=\"elementor-icon-box-icon\">\n\t\t\t\t<span  class=\"elementor-icon\">\n\t\t\t\t<i aria-hidden=\"true\" class=\"fas fa-shipping-fast\"><\/i>\t\t\t\t<\/span>\n\t\t\t<\/div>\n\t\t\t\n\t\t\t\t\t\t<div class=\"elementor-icon-box-content\">\n\n\t\t\t\t\t\t\t\t\t<h2 class=\"elementor-icon-box-title\">\n\t\t\t\t\t\t<span  >\n\t\t\t\t\t\t\tDelegaci\u00f3n Valencia\t\t\t\t\t\t<\/span>\n\t\t\t\t\t<\/h2>\n\t\t\t\t\n\t\t\t\t\t\t\t\t\t<p class=\"elementor-icon-box-description\">\n\t\t\t\t\t\tTel\u00e9fono: (+34) 619 468 111\nEmail: alberto@tinlohi.es\t\t\t\t\t<\/p>\n\t\t\t\t\n\t\t\t<\/div>\n\t\t\t\n\t\t<\/div>\n\t\t\t\t\t\t<\/div>\n\t\t\t\t<\/div>\n\t\t\t\t\t<\/div>\n\t\t<\/div>\n\t\t\t\t\t<\/div>\n\t\t<\/section>\n\t\t\t\t<section class=\"elementor-section elementor-top-section elementor-element elementor-element-321423c elementor-section-full_width elementor-section-height-default elementor-section-height-default\" data-id=\"321423c\" data-element_type=\"section\" data-e-type=\"section\">\n\t\t\t\t\t\t<div class=\"elementor-container elementor-column-gap-default\">\n\t\t\t\t\t<div class=\"elementor-column elementor-col-100 elementor-top-column elementor-element elementor-element-fde1b1e\" data-id=\"fde1b1e\" data-element_type=\"column\" data-e-type=\"column\">\n\t\t\t<div class=\"elementor-widget-wrap elementor-element-populated\">\n\t\t\t\t\t\t<div class=\"elementor-element elementor-element-0222723 elementor-widget elementor-widget-google_maps\" data-id=\"0222723\" data-element_type=\"widget\" data-e-type=\"widget\" data-widget_type=\"google_maps.default\">\n\t\t\t\t<div class=\"elementor-widget-container\">\n\t\t\t\t\t\t\t<div class=\"elementor-custom-embed\">\n\t\t\t<iframe loading=\"lazy\"\n\t\t\t\t\tsrc=\"https:\/\/maps.google.com\/maps?q=GR%C3%9AAS%20TINLOHI&#038;t=m&#038;z=10&#038;output=embed&#038;iwloc=near\"\n\t\t\t\t\ttitle=\"GR\u00daAS TINLOHI\"\n\t\t\t\t\taria-label=\"GR\u00daAS TINLOHI\"\n\t\t\t><\/iframe>\n\t\t<\/div>\n\t\t\t\t\t\t<\/div>\n\t\t\t\t<\/div>\n\t\t\t\t\t<\/div>\n\t\t<\/div>\n\t\t\t\t\t<\/div>\n\t\t<\/section>\n\t\t\t\t<\/div>\n\t\t","protected":false},"excerpt":{"rendered":"<p>Contacto Direcci\u00f3n Autov\u00eda A-11, KM 354 47193 La Cist\u00e9rniga (Valladolid) Espa\u00f1a Horario De 8:00 a 19:00 horas, ininterrumpidamente Tel\u00e9fonos Oficina: (+34) 983 401 667 \/ 651 344 820 \/ 671 519 077 Servicio 24 Horas (+34) 619 468 116 Delegaci\u00f3n Valencia Tel\u00e9fono: (+34) 619 468 111 Email: alberto@tinlohi.es<\/p>","protected":false},"author":1,"featured_media":871,"parent":0,"menu_order":0,"comment_status":"closed","ping_status":"closed","template":"","meta":{"footnotes":""},"class_list":["post-28","page","type-page","status-publish","has-post-thumbnail","hentry"],"yoast_head":"<!-- This site is optimized with the Yoast SEO plugin v27.5 - https:\/\/yoast.com\/product\/yoast-seo-wordpress\/ -->\n<title>Contacto - Tinlohi<\/title>\n<meta name=\"description\" content=\"Ll\u00e1manos 983 401 667 \/ 651 344 820 \/ 671 519 077 y ven a visitarnos a Autov\u00eda A-11, KM 354 47193 La Cist\u00e9rniga (Valladolid)\" \/>\n<meta name=\"robots\" content=\"index, follow, max-snippet:-1, max-image-preview:large, max-video-preview:-1\" \/>\n<link rel=\"canonical\" href=\"https:\/\/tinlohi.es\/pt\/contacto\/\" \/>\n<meta property=\"og:locale\" content=\"pt_PT\" \/>\n<meta property=\"og:type\" content=\"article\" \/>\n<meta property=\"og:title\" content=\"Contacto - Tinlohi\" \/>\n<meta property=\"og:description\" content=\"Ll\u00e1manos 983 401 667 \/ 651 344 820 \/ 671 519 077 y ven a visitarnos a Autov\u00eda A-11, KM 354 47193 La Cist\u00e9rniga (Valladolid)\" \/>\n<meta property=\"og:url\" content=\"https:\/\/tinlohi.es\/pt\/contacto\/\" \/>\n<meta property=\"og:site_name\" content=\"Tinlohi\" \/>\n<meta property=\"article:modified_time\" content=\"2023-06-01T16:04:27+00:00\" \/>\n<meta property=\"og:image\" content=\"https:\/\/tinlohi.es\/wp-content\/uploads\/2023\/05\/Asistencia-Grua-Valladolid-4.jpg\" \/>\n\t<meta property=\"og:image:width\" content=\"2000\" \/>\n\t<meta property=\"og:image:height\" content=\"621\" \/>\n\t<meta property=\"og:image:type\" content=\"image\/jpeg\" \/>\n<meta name=\"twitter:card\" content=\"summary_large_image\" \/>\n<meta name=\"twitter:label1\" content=\"Tempo estimado de leitura\" \/>\n\t<meta name=\"twitter:data1\" content=\"1 minuto\" \/>\n<script type=\"application\/ld+json\" class=\"yoast-schema-graph\">{\"@context\":\"https:\\\/\\\/schema.org\",\"@graph\":[{\"@type\":\"WebPage\",\"@id\":\"https:\\\/\\\/tinlohi.es\\\/contacto\\\/\",\"url\":\"https:\\\/\\\/tinlohi.es\\\/contacto\\\/\",\"name\":\"Contacto - Tinlohi\",\"isPartOf\":{\"@id\":\"https:\\\/\\\/tinlohi.es\\\/#website\"},\"primaryImageOfPage\":{\"@id\":\"https:\\\/\\\/tinlohi.es\\\/contacto\\\/#primaryimage\"},\"image\":{\"@id\":\"https:\\\/\\\/tinlohi.es\\\/contacto\\\/#primaryimage\"},\"thumbnailUrl\":\"https:\\\/\\\/tinlohi.es\\\/wp-content\\\/uploads\\\/2023\\\/05\\\/Asistencia-Grua-Valladolid-4.jpg\",\"datePublished\":\"2023-04-24T07:46:19+00:00\",\"dateModified\":\"2023-06-01T16:04:27+00:00\",\"description\":\"Ll\u00e1manos 983 401 667 \\\/ 651 344 820 \\\/ 671 519 077 y ven a visitarnos a Autov\u00eda A-11, KM 354 47193 La Cist\u00e9rniga (Valladolid)\",\"breadcrumb\":{\"@id\":\"https:\\\/\\\/tinlohi.es\\\/contacto\\\/#breadcrumb\"},\"inLanguage\":\"pt-PT\",\"potentialAction\":[{\"@type\":\"ReadAction\",\"target\":[\"https:\\\/\\\/tinlohi.es\\\/contacto\\\/\"]}]},{\"@type\":\"ImageObject\",\"inLanguage\":\"pt-PT\",\"@id\":\"https:\\\/\\\/tinlohi.es\\\/contacto\\\/#primaryimage\",\"url\":\"https:\\\/\\\/tinlohi.es\\\/wp-content\\\/uploads\\\/2023\\\/05\\\/Asistencia-Grua-Valladolid-4.jpg\",\"contentUrl\":\"https:\\\/\\\/tinlohi.es\\\/wp-content\\\/uploads\\\/2023\\\/05\\\/Asistencia-Grua-Valladolid-4.jpg\",\"width\":2000,\"height\":621,\"caption\":\"Asistencia Gr\u00faa Valladolid\"},{\"@type\":\"BreadcrumbList\",\"@id\":\"https:\\\/\\\/tinlohi.es\\\/contacto\\\/#breadcrumb\",\"itemListElement\":[{\"@type\":\"ListItem\",\"position\":1,\"name\":\"Portada\",\"item\":\"https:\\\/\\\/tinlohi.es\\\/\"},{\"@type\":\"ListItem\",\"position\":2,\"name\":\"Contacto\"}]},{\"@type\":\"WebSite\",\"@id\":\"https:\\\/\\\/tinlohi.es\\\/#website\",\"url\":\"https:\\\/\\\/tinlohi.es\\\/\",\"name\":\"Tinlohi\",\"description\":\"\",\"publisher\":{\"@id\":\"https:\\\/\\\/tinlohi.es\\\/#organization\"},\"potentialAction\":[{\"@type\":\"SearchAction\",\"target\":{\"@type\":\"EntryPoint\",\"urlTemplate\":\"https:\\\/\\\/tinlohi.es\\\/?s={search_term_string}\"},\"query-input\":{\"@type\":\"PropertyValueSpecification\",\"valueRequired\":true,\"valueName\":\"search_term_string\"}}],\"inLanguage\":\"pt-PT\"},{\"@type\":\"Organization\",\"@id\":\"https:\\\/\\\/tinlohi.es\\\/#organization\",\"name\":\"Gr\u00faas Tinlohi SL\",\"url\":\"https:\\\/\\\/tinlohi.es\\\/\",\"logo\":{\"@type\":\"ImageObject\",\"inLanguage\":\"pt-PT\",\"@id\":\"https:\\\/\\\/tinlohi.es\\\/#\\\/schema\\\/logo\\\/image\\\/\",\"url\":\"https:\\\/\\\/tinlohi.es\\\/wp-content\\\/uploads\\\/2023\\\/04\\\/LOGO-TINLOHI_2022.png\",\"contentUrl\":\"https:\\\/\\\/tinlohi.es\\\/wp-content\\\/uploads\\\/2023\\\/04\\\/LOGO-TINLOHI_2022.png\",\"width\":568,\"height\":315,\"caption\":\"Gr\u00faas Tinlohi SL\"},\"image\":{\"@id\":\"https:\\\/\\\/tinlohi.es\\\/#\\\/schema\\\/logo\\\/image\\\/\"}}]}<\/script>\n<!-- \/ Yoast SEO plugin. -->","yoast_head_json":{"title":"Contacto - Tinlohi","description":"Ll\u00e1manos 983 401 667 \/ 651 344 820 \/ 671 519 077 y ven a visitarnos a Autov\u00eda A-11, KM 354 47193 La Cist\u00e9rniga (Valladolid)","robots":{"index":"index","follow":"follow","max-snippet":"max-snippet:-1","max-image-preview":"max-image-preview:large","max-video-preview":"max-video-preview:-1"},"canonical":"https:\/\/tinlohi.es\/pt\/contacto\/","og_locale":"pt_PT","og_type":"article","og_title":"Contacto - Tinlohi","og_description":"Ll\u00e1manos 983 401 667 \/ 651 344 820 \/ 671 519 077 y ven a visitarnos a Autov\u00eda A-11, KM 354 47193 La Cist\u00e9rniga (Valladolid)","og_url":"https:\/\/tinlohi.es\/pt\/contacto\/","og_site_name":"Tinlohi","article_modified_time":"2023-06-01T16:04:27+00:00","og_image":[{"width":2000,"height":621,"url":"https:\/\/tinlohi.es\/wp-content\/uploads\/2023\/05\/Asistencia-Grua-Valladolid-4.jpg","type":"image\/jpeg"}],"twitter_card":"summary_large_image","twitter_misc":{"Tempo estimado de leitura":"1 minuto"},"schema":{"@context":"https:\/\/schema.org","@graph":[{"@type":"WebPage","@id":"https:\/\/tinlohi.es\/contacto\/","url":"https:\/\/tinlohi.es\/contacto\/","name":"Contacto - Tinlohi","isPartOf":{"@id":"https:\/\/tinlohi.es\/#website"},"primaryImageOfPage":{"@id":"https:\/\/tinlohi.es\/contacto\/#primaryimage"},"image":{"@id":"https:\/\/tinlohi.es\/contacto\/#primaryimage"},"thumbnailUrl":"https:\/\/tinlohi.es\/wp-content\/uploads\/2023\/05\/Asistencia-Grua-Valladolid-4.jpg","datePublished":"2023-04-24T07:46:19+00:00","dateModified":"2023-06-01T16:04:27+00:00","description":"Ll\u00e1manos 983 401 667 \/ 651 344 820 \/ 671 519 077 y ven a visitarnos a Autov\u00eda A-11, KM 354 47193 La Cist\u00e9rniga (Valladolid)","breadcrumb":{"@id":"https:\/\/tinlohi.es\/contacto\/#breadcrumb"},"inLanguage":"pt-PT","potentialAction":[{"@type":"ReadAction","target":["https:\/\/tinlohi.es\/contacto\/"]}]},{"@type":"ImageObject","inLanguage":"pt-PT","@id":"https:\/\/tinlohi.es\/contacto\/#primaryimage","url":"https:\/\/tinlohi.es\/wp-content\/uploads\/2023\/05\/Asistencia-Grua-Valladolid-4.jpg","contentUrl":"https:\/\/tinlohi.es\/wp-content\/uploads\/2023\/05\/Asistencia-Grua-Valladolid-4.jpg","width":2000,"height":621,"caption":"Asistencia Gr\u00faa Valladolid"},{"@type":"BreadcrumbList","@id":"https:\/\/tinlohi.es\/contacto\/#breadcrumb","itemListElement":[{"@type":"ListItem","position":1,"name":"Portada","item":"https:\/\/tinlohi.es\/"},{"@type":"ListItem","position":2,"name":"Contacto"}]},{"@type":"WebSite","@id":"https:\/\/tinlohi.es\/#website","url":"https:\/\/tinlohi.es\/","name":"Tinlohi","description":"","publisher":{"@id":"https:\/\/tinlohi.es\/#organization"},"potentialAction":[{"@type":"SearchAction","target":{"@type":"EntryPoint","urlTemplate":"https:\/\/tinlohi.es\/?s={search_term_string}"},"query-input":{"@type":"PropertyValueSpecification","valueRequired":true,"valueName":"search_term_string"}}],"inLanguage":"pt-PT"},{"@type":"Organization","@id":"https:\/\/tinlohi.es\/#organization","name":"Gr\u00faas Tinlohi SL","url":"https:\/\/tinlohi.es\/","logo":{"@type":"ImageObject","inLanguage":"pt-PT","@id":"https:\/\/tinlohi.es\/#\/schema\/logo\/image\/","url":"https:\/\/tinlohi.es\/wp-content\/uploads\/2023\/04\/LOGO-TINLOHI_2022.png","contentUrl":"https:\/\/tinlohi.es\/wp-content\/uploads\/2023\/04\/LOGO-TINLOHI_2022.png","width":568,"height":315,"caption":"Gr\u00faas Tinlohi SL"},"image":{"@id":"https:\/\/tinlohi.es\/#\/schema\/logo\/image\/"}}]}},"_links":{"self":[{"href":"https:\/\/tinlohi.es\/pt\/wp-json\/wp\/v2\/pages\/28","targetHints":{"allow":["GET"]}}],"collection":[{"href":"https:\/\/tinlohi.es\/pt\/wp-json\/wp\/v2\/pages"}],"about":[{"href":"https:\/\/tinlohi.es\/pt\/wp-json\/wp\/v2\/types\/page"}],"author":[{"embeddable":true,"href":"https:\/\/tinlohi.es\/pt\/wp-json\/wp\/v2\/users\/1"}],"replies":[{"embeddable":true,"href":"https:\/\/tinlohi.es\/pt\/wp-json\/wp\/v2\/comments?post=28"}],"version-history":[{"count":41,"href":"https:\/\/tinlohi.es\/pt\/wp-json\/wp\/v2\/pages\/28\/revisions"}],"predecessor-version":[{"id":953,"href":"https:\/\/tinlohi.es\/pt\/wp-json\/wp\/v2\/pages\/28\/revisions\/953"}],"wp:featuredmedia":[{"embeddable":true,"href":"https:\/\/tinlohi.es\/pt\/wp-json\/wp\/v2\/media\/871"}],"wp:attachment":[{"href":"https:\/\/tinlohi.es\/pt\/wp-json\/wp\/v2\/media?parent=28"}],"curies":[{"name":"wp","href":"https:\/\/api.w.org\/{rel}","templated":true}]}}