{"id":531,"date":"2023-05-12T07:05:32","date_gmt":"2023-05-12T07:05:32","guid":{"rendered":"https:\/\/new.tinlohi.es\/?page_id=531"},"modified":"2023-06-01T15:59:15","modified_gmt":"2023-06-01T15:59:15","slug":"cookies","status":"publish","type":"page","link":"https:\/\/tinlohi.es\/pt\/cookies\/","title":{"rendered":"Biscoitos"},"content":{"rendered":"<div data-elementor-type=\"wp-page\" data-elementor-id=\"531\" class=\"elementor elementor-531\" data-elementor-post-type=\"page\">\n\t\t\t\t\t\t<section class=\"elementor-section elementor-top-section elementor-element elementor-element-83dc2f6 elementor-section-boxed elementor-section-height-default elementor-section-height-default\" data-id=\"83dc2f6\" data-element_type=\"section\" data-e-type=\"section\">\n\t\t\t\t\t\t<div class=\"elementor-container elementor-column-gap-default\">\n\t\t\t\t\t<div class=\"elementor-column elementor-col-100 elementor-top-column elementor-element elementor-element-5eaead3\" data-id=\"5eaead3\" data-element_type=\"column\" data-e-type=\"column\">\n\t\t\t<div class=\"elementor-widget-wrap elementor-element-populated\">\n\t\t\t\t\t\t<div class=\"elementor-element elementor-element-e9e3293 elementor-widget elementor-widget-text-editor\" data-id=\"e9e3293\" data-element_type=\"widget\" data-e-type=\"widget\" data-widget_type=\"text-editor.default\">\n\t\t\t\t<div class=\"elementor-widget-container\">\n\t\t\t\t\t\t\t\t\t<h1>Pol\u00edtica de Cookies<\/h1><h2>\u00bfQu\u00e9 son las cookies?<\/h2><div class=\"cookie-policy-p\"><p>Esta Pol\u00edtica de cookies explica qu\u00e9 son las cookies y c\u00f3mo las usamos, los tipos de cookies que usamos, es decir, la informaci\u00f3n que recopilamos usando cookies y c\u00f3mo se usa esa informaci\u00f3n, y c\u00f3mo administrar la configuraci\u00f3n de cookies.<\/p><p>Las cookies son peque\u00f1os archivos de texto que se utilizan para almacenar peque\u00f1os fragmentos de informaci\u00f3n. Se almacenan en su dispositivo cuando el sitio web se carga en su navegador. Estas cookies nos ayudan a hacer que el sitio web funcione correctamente, hacerlo m\u00e1s seguro, brindar una mejor experiencia de usuario y comprender c\u00f3mo funciona el sitio web y analizar qu\u00e9 funciona y d\u00f3nde necesita mejorar.<\/p><\/div><p>\u00a0<\/p><h2>\u00bfC\u00f3mo usamos las cookies?<\/h2><div class=\"cookie-policy-p\"><p>Como la mayor\u00eda de los servicios en l\u00ednea, nuestro sitio web utiliza cookies propias y de terceros para varios prop\u00f3sitos. Las cookies de origen son en su mayor\u00eda necesarias para que el sitio web funcione correctamente y no recopilan ninguno de sus datos de identificaci\u00f3n personal.<\/p><p>Las cookies de terceros utilizadas en nuestro sitio web son principalmente para comprender c\u00f3mo funciona el sitio web, c\u00f3mo interact\u00faa con nuestro sitio web, mantener nuestros servicios seguros, proporcionar anuncios que son relevantes para usted y, en general, brindarle un usuario mejor y mejorado. experimentar y ayudar a acelerar sus futuras interacciones con nuestro sitio web.<\/p><\/div><p>\u00a0<\/p><h2>Tipos de Cookies que utilizamos<\/h2><div class=\"cky-audit-table-element\"><h3>Necesaria<\/h3><div class=\"cky-table-wrapper\"><table class=\"cky-cookie-audit-table\"><thead><tr><th>Cookie<\/th><th>Duraci\u00f3n<\/th><th>Descripci\u00f3n<\/th><\/tr><\/thead><tbody><tr><td>cookieyes-consent<\/td><td>1 a\u00f1o<\/td><td>CookieYes sets this cookie to remember users&#8217; consent preferences so that their preferences are respected on their subsequent visits to this site. It does not collect or store any personal information of the site visitors.<\/td><\/tr><tr><td>elementor<\/td><td>Nunca<\/td><td>This cookie is used by the website&#8217;s WordPress theme. It allows the website owner to implement or change the website&#8217;s content in real-time.<\/td><\/tr><\/tbody><\/table><\/div><h3>Funcional<\/h3><div class=\"cky-table-wrapper\"><table class=\"cky-cookie-audit-table\"><thead><tr><th>Cookie<\/th><th>Duraci\u00f3n<\/th><th>Descripci\u00f3n<\/th><\/tr><\/thead><tbody><tr><td>__cf_bm<\/td><td>30 minutos<\/td><td>This cookie, set by Cloudflare, is used to support Cloudflare Bot Management.<\/td><\/tr><\/tbody><\/table><\/div><\/div><p>\u00a0<\/p><h2>Administrar preferencias de cookies<\/h2><p><strong><a class=\"cky-banner-element\">\u201cPersonaliza aqu\u00ed las preferencias de consentimiento\u201d<\/a><\/strong><\/p><div><p>Puede cambiar sus preferencias de cookies en cualquier momento haciendo clic en el bot\u00f3n de arriba. Esto le permitir\u00e1 volver a visitar el banner de consentimiento de cookies y cambiar sus preferencias o retirar su consentimiento de inmediato.<\/p><p>Adem\u00e1s de esto, los diferentes navegadores brindan diferentes m\u00e9todos para bloquear y eliminar las cookies utilizadas por los sitios web. Puede cambiar la configuraci\u00f3n de su navegador para bloquear\/eliminar las cookies. A continuaci\u00f3n se enumeran los enlaces a los documentos de soporte sobre c\u00f3mo administrar y eliminar las cookies de los principales navegadores web.<\/p><p>Chrome: <a href=\"https:\/\/support.google.com\/accounts\/answer\/32050\" target=\"_blank\" rel=\"noopener\">https:\/\/support.google.com\/accounts\/answer\/32050<\/a><\/p><p>Safari: <a href=\"https:\/\/support.apple.com\/en-in\/guide\/safari\/sfri11471\/mac\" target=\"_blank\" rel=\"noopener\">https:\/\/support.apple.com\/en-in\/guide\/safari\/sfri11471\/mac<\/a><\/p><p>Firefox: <a href=\"https:\/\/support.mozilla.org\/en-US\/kb\/clear-cookies-and-site-data-firefox?redirectslug=delete-cookies-remove-info-websites-stored&amp;redirectlocale=en-US\" target=\"_blank\" rel=\"noopener\">https:\/\/support.mozilla.org\/en-US\/kb\/clear-cookies-and-site-data-firefox?redirectslug=delete-cookies-remove-info-websites-stored&amp;redirectlocale=en-US<\/a><\/p><p>Internet Explorer: <a href=\"https:\/\/support.microsoft.com\/en-us\/topic\/how-to-delete-cookie-files-in-internet-explorer-bca9446f-d873-78de-77ba-d42645fa52fc\" target=\"_blank\" rel=\"noopener\">https:\/\/support.microsoft.com\/en-us\/topic\/how-to-delete-cookie-files-in-internet-explorer-bca9446f-d873-78de-77ba-d42645fa52fc<\/a><\/p><p>Si est\u00e1 utilizando cualquier otro navegador web, visite los documentos de soporte oficiales de su navegador.<\/p><\/div>\t\t\t\t\t\t\t\t<\/div>\n\t\t\t\t<\/div>\n\t\t\t\t\t<\/div>\n\t\t<\/div>\n\t\t\t\t\t<\/div>\n\t\t<\/section>\n\t\t\t\t<\/div>","protected":false},"excerpt":{"rendered":"<p>Pol\u00edtica de Cookies \u00bfQu\u00e9 son las cookies? Esta Pol\u00edtica de cookies explica qu\u00e9 son las cookies y c\u00f3mo las usamos, los tipos de cookies que usamos, es decir, la informaci\u00f3n que recopilamos usando cookies y c\u00f3mo se usa esa informaci\u00f3n, y c\u00f3mo administrar la configuraci\u00f3n de cookies. Las cookies son peque\u00f1os archivos de texto que [&hellip;]<\/p>\n","protected":false},"author":1,"featured_media":0,"parent":0,"menu_order":0,"comment_status":"closed","ping_status":"closed","template":"","meta":{"footnotes":""},"class_list":["post-531","page","type-page","status-publish","hentry"],"yoast_head":"<!-- This site is optimized with the Yoast SEO plugin v27.5 - https:\/\/yoast.com\/product\/yoast-seo-wordpress\/ -->\n<title>Cookies - Tinlohi<\/title>\n<meta name=\"robots\" content=\"noindex, follow\" \/>\n<meta property=\"og:locale\" content=\"pt_PT\" \/>\n<meta property=\"og:type\" content=\"article\" \/>\n<meta property=\"og:title\" content=\"Cookies - Tinlohi\" \/>\n<meta property=\"og:description\" content=\"Pol\u00edtica de Cookies \u00bfQu\u00e9 son las cookies? Esta Pol\u00edtica de cookies explica qu\u00e9 son las cookies y c\u00f3mo las usamos, los tipos de cookies que usamos, es decir, la informaci\u00f3n que recopilamos usando cookies y c\u00f3mo se usa esa informaci\u00f3n, y c\u00f3mo administrar la configuraci\u00f3n de cookies. Las cookies son peque\u00f1os archivos de texto que [&hellip;]\" \/>\n<meta property=\"og:url\" content=\"https:\/\/tinlohi.es\/pt\/cookies\/\" \/>\n<meta property=\"og:site_name\" content=\"Tinlohi\" \/>\n<meta property=\"article:modified_time\" content=\"2023-06-01T15:59:15+00:00\" \/>\n<meta name=\"twitter:card\" content=\"summary_large_image\" \/>\n<meta name=\"twitter:label1\" content=\"Tempo estimado de leitura\" \/>\n\t<meta name=\"twitter:data1\" content=\"3 minutos\" \/>\n<script type=\"application\/ld+json\" class=\"yoast-schema-graph\">{\"@context\":\"https:\\\/\\\/schema.org\",\"@graph\":[{\"@type\":\"WebPage\",\"@id\":\"https:\\\/\\\/tinlohi.es\\\/en\\\/cookies\\\/\",\"url\":\"https:\\\/\\\/tinlohi.es\\\/en\\\/cookies\\\/\",\"name\":\"Cookies - Tinlohi\",\"isPartOf\":{\"@id\":\"https:\\\/\\\/tinlohi.es\\\/#website\"},\"datePublished\":\"2023-05-12T07:05:32+00:00\",\"dateModified\":\"2023-06-01T15:59:15+00:00\",\"breadcrumb\":{\"@id\":\"https:\\\/\\\/tinlohi.es\\\/en\\\/cookies\\\/#breadcrumb\"},\"inLanguage\":\"pt-PT\",\"potentialAction\":[{\"@type\":\"ReadAction\",\"target\":[\"https:\\\/\\\/tinlohi.es\\\/en\\\/cookies\\\/\"]}]},{\"@type\":\"BreadcrumbList\",\"@id\":\"https:\\\/\\\/tinlohi.es\\\/en\\\/cookies\\\/#breadcrumb\",\"itemListElement\":[{\"@type\":\"ListItem\",\"position\":1,\"name\":\"Portada\",\"item\":\"https:\\\/\\\/tinlohi.es\\\/\"},{\"@type\":\"ListItem\",\"position\":2,\"name\":\"Cookies\"}]},{\"@type\":\"WebSite\",\"@id\":\"https:\\\/\\\/tinlohi.es\\\/#website\",\"url\":\"https:\\\/\\\/tinlohi.es\\\/\",\"name\":\"Tinlohi\",\"description\":\"\",\"publisher\":{\"@id\":\"https:\\\/\\\/tinlohi.es\\\/#organization\"},\"potentialAction\":[{\"@type\":\"SearchAction\",\"target\":{\"@type\":\"EntryPoint\",\"urlTemplate\":\"https:\\\/\\\/tinlohi.es\\\/?s={search_term_string}\"},\"query-input\":{\"@type\":\"PropertyValueSpecification\",\"valueRequired\":true,\"valueName\":\"search_term_string\"}}],\"inLanguage\":\"pt-PT\"},{\"@type\":\"Organization\",\"@id\":\"https:\\\/\\\/tinlohi.es\\\/#organization\",\"name\":\"Gr\u00faas Tinlohi SL\",\"url\":\"https:\\\/\\\/tinlohi.es\\\/\",\"logo\":{\"@type\":\"ImageObject\",\"inLanguage\":\"pt-PT\",\"@id\":\"https:\\\/\\\/tinlohi.es\\\/#\\\/schema\\\/logo\\\/image\\\/\",\"url\":\"https:\\\/\\\/tinlohi.es\\\/wp-content\\\/uploads\\\/2023\\\/04\\\/LOGO-TINLOHI_2022.png\",\"contentUrl\":\"https:\\\/\\\/tinlohi.es\\\/wp-content\\\/uploads\\\/2023\\\/04\\\/LOGO-TINLOHI_2022.png\",\"width\":568,\"height\":315,\"caption\":\"Gr\u00faas Tinlohi SL\"},\"image\":{\"@id\":\"https:\\\/\\\/tinlohi.es\\\/#\\\/schema\\\/logo\\\/image\\\/\"}}]}<\/script>\n<!-- \/ Yoast SEO plugin. -->","yoast_head_json":{"title":"Cookies - Tinlohi","robots":{"index":"noindex","follow":"follow"},"og_locale":"pt_PT","og_type":"article","og_title":"Cookies - Tinlohi","og_description":"Pol\u00edtica de Cookies \u00bfQu\u00e9 son las cookies? Esta Pol\u00edtica de cookies explica qu\u00e9 son las cookies y c\u00f3mo las usamos, los tipos de cookies que usamos, es decir, la informaci\u00f3n que recopilamos usando cookies y c\u00f3mo se usa esa informaci\u00f3n, y c\u00f3mo administrar la configuraci\u00f3n de cookies. Las cookies son peque\u00f1os archivos de texto que [&hellip;]","og_url":"https:\/\/tinlohi.es\/pt\/cookies\/","og_site_name":"Tinlohi","article_modified_time":"2023-06-01T15:59:15+00:00","twitter_card":"summary_large_image","twitter_misc":{"Tempo estimado de leitura":"3 minutos"},"schema":{"@context":"https:\/\/schema.org","@graph":[{"@type":"WebPage","@id":"https:\/\/tinlohi.es\/en\/cookies\/","url":"https:\/\/tinlohi.es\/en\/cookies\/","name":"Cookies - Tinlohi","isPartOf":{"@id":"https:\/\/tinlohi.es\/#website"},"datePublished":"2023-05-12T07:05:32+00:00","dateModified":"2023-06-01T15:59:15+00:00","breadcrumb":{"@id":"https:\/\/tinlohi.es\/en\/cookies\/#breadcrumb"},"inLanguage":"pt-PT","potentialAction":[{"@type":"ReadAction","target":["https:\/\/tinlohi.es\/en\/cookies\/"]}]},{"@type":"BreadcrumbList","@id":"https:\/\/tinlohi.es\/en\/cookies\/#breadcrumb","itemListElement":[{"@type":"ListItem","position":1,"name":"Portada","item":"https:\/\/tinlohi.es\/"},{"@type":"ListItem","position":2,"name":"Cookies"}]},{"@type":"WebSite","@id":"https:\/\/tinlohi.es\/#website","url":"https:\/\/tinlohi.es\/","name":"Tinlohi","description":"","publisher":{"@id":"https:\/\/tinlohi.es\/#organization"},"potentialAction":[{"@type":"SearchAction","target":{"@type":"EntryPoint","urlTemplate":"https:\/\/tinlohi.es\/?s={search_term_string}"},"query-input":{"@type":"PropertyValueSpecification","valueRequired":true,"valueName":"search_term_string"}}],"inLanguage":"pt-PT"},{"@type":"Organization","@id":"https:\/\/tinlohi.es\/#organization","name":"Gr\u00faas Tinlohi SL","url":"https:\/\/tinlohi.es\/","logo":{"@type":"ImageObject","inLanguage":"pt-PT","@id":"https:\/\/tinlohi.es\/#\/schema\/logo\/image\/","url":"https:\/\/tinlohi.es\/wp-content\/uploads\/2023\/04\/LOGO-TINLOHI_2022.png","contentUrl":"https:\/\/tinlohi.es\/wp-content\/uploads\/2023\/04\/LOGO-TINLOHI_2022.png","width":568,"height":315,"caption":"Gr\u00faas Tinlohi SL"},"image":{"@id":"https:\/\/tinlohi.es\/#\/schema\/logo\/image\/"}}]}},"_links":{"self":[{"href":"https:\/\/tinlohi.es\/pt\/wp-json\/wp\/v2\/pages\/531","targetHints":{"allow":["GET"]}}],"collection":[{"href":"https:\/\/tinlohi.es\/pt\/wp-json\/wp\/v2\/pages"}],"about":[{"href":"https:\/\/tinlohi.es\/pt\/wp-json\/wp\/v2\/types\/page"}],"author":[{"embeddable":true,"href":"https:\/\/tinlohi.es\/pt\/wp-json\/wp\/v2\/users\/1"}],"replies":[{"embeddable":true,"href":"https:\/\/tinlohi.es\/pt\/wp-json\/wp\/v2\/comments?post=531"}],"version-history":[{"count":5,"href":"https:\/\/tinlohi.es\/pt\/wp-json\/wp\/v2\/pages\/531\/revisions"}],"predecessor-version":[{"id":948,"href":"https:\/\/tinlohi.es\/pt\/wp-json\/wp\/v2\/pages\/531\/revisions\/948"}],"wp:attachment":[{"href":"https:\/\/tinlohi.es\/pt\/wp-json\/wp\/v2\/media?parent=531"}],"curies":[{"name":"wp","href":"https:\/\/api.w.org\/{rel}","templated":true}]}}